{"id":4271,"date":"2022-03-17T12:01:22","date_gmt":"2022-03-17T12:01:22","guid":{"rendered":"https:\/\/biojam.pt\/?page_id=4271"},"modified":"2022-04-05T14:22:47","modified_gmt":"2022-04-05T14:22:47","slug":"fundacao-biojam","status":"publish","type":"page","link":"https:\/\/biojam.pt\/en\/fundacao-biojam\/","title":{"rendered":"Biojam Foundation"},"content":{"rendered":"<div class=\"banner has-hover has-video\" id=\"banner-151445473\">\n          <div class=\"banner-inner fill\">\n        <div class=\"banner-bg fill\" >\n            <div class=\"bg fill bg-fill\"><\/div>\n            \t<div class=\"video-overlay no-click fill visible\"><\/div>\n\t<video class=\"video-bg fill visible\" preload playsinline autoplay muted loop>\n\t\t<source src=\"https:\/\/biojam.pt\/wp-content\/uploads\/2022\/03\/Biojam-Fundation-Kastelo.webm\" type=\"video\/webm\">\t<\/video>\n            <div class=\"overlay\"><\/div>            \n                    <\/div>\n\t\t\n\t<div class=\"ux-shape-divider ux-shape-divider--bottom ux-shape-divider--style-waves-opacity-3\">\n\t\t<svg viewbox=\"0 0 1000 300\" xmlns=\"http:\/\/www.w3.org\/2000\/svg\" preserveaspectratio=\"none\">\n\t<path class=\"ux-shape-fill\" opacity=\"0.05\" d=\"M1014 264V386H206L34 300C34 300 344.42 277.16 436 221C542 156 590 160 704 209C811 255 899.11 214.94 979 346L1014 264Z\"\/>\n\t<path class=\"ux-shape-fill\" opacity=\"0.1\" d=\"M-302 55C-302 55 -66.73 263.25 50 214C178 160 283 116 353 141C445.68 174.1 534.28 256.19 588 249C692.9 235 764.52 75.94 855 131C940.61 183.09 1000 254 1000 254V328L-306 338L-302 55Z\"\/>\n\t<path class=\"ux-shape-fill\" opacity=\"0.15\" d=\"M-286 255C-286 255 -72 152 52 126C176 100 255 155 436 227C581.57 284.91 614.7 277.79 708 227C787 184 1009 3.0001 1093 164C1146 265.63 1031 293 1031 293L924 377L-288 389L-286 255Z\"\/>\n\t<path class=\"ux-shape-fill\" opacity=\"0.3\" d=\"M-24 69C-24 69 275.68 370.66 389 314C397 310 622 316 673 356C690.47 369.7 845 224 890 182C944.8 130.85 1018 92 1078 143C1154.12 207.7 1196 242 1196 242L1184 374L-28 386L-24 69Z\"\/>\n\t<path class=\"ux-shape-fill\" d=\"M-12 201C-12 201 58 284 182 258C306 232 342.29 221.23 456 264C565 305 640.82 288.36 721 249C776 222 837.5 191.31 935 253C984 284 1030 279 1030 279L1024 430L-12 440V201Z\"\/>\n<\/svg>\n\t<\/div>\n        <div class=\"banner-layers container\">\n            <div class=\"fill banner-link\"><\/div>            \n\n   <div id=\"text-box-1816974429\" class=\"text-box banner-layer x50 md-x50 lg-x50 y100 md-y100 lg-y100 res-text\">\n                                <div class=\"text-box-content text dark\">\n              \n              <div class=\"text-inner text-center\">\n                  \n\n\t<div class=\"img has-hover x md-x lg-x y md-y lg-y\" id=\"image_618827885\">\n\t\t\t\t\t\t\t\t<div class=\"img-inner dark\" >\n\t\t\t<img loading=\"lazy\" decoding=\"async\" width=\"400\" height=\"400\" src=\"https:\/\/biojam.pt\/wp-content\/uploads\/2020\/09\/biojam_foundation_logotipo.png\" class=\"attachment-large size-large\" alt=\"biojam_foundation_logotipo\" srcset=\"https:\/\/biojam.pt\/wp-content\/uploads\/2020\/09\/biojam_foundation_logotipo.png 400w, https:\/\/biojam.pt\/wp-content\/uploads\/2020\/09\/biojam_foundation_logotipo-280x280.png 280w, https:\/\/biojam.pt\/wp-content\/uploads\/2020\/09\/biojam_foundation_logotipo-300x300.png 300w, https:\/\/biojam.pt\/wp-content\/uploads\/2020\/09\/biojam_foundation_logotipo-100x100.png 100w\" sizes=\"auto, (max-width: 400px) 100vw, 400px\" \/>\t\t\t\t\t\t\n\t\t\t\t\t<\/div>\n\t\t\t\t\t\t\t\t\n<style>\n#image_618827885 {\n  width: 100%;\n}\n<\/style>\n\t<\/div>\n\t\n\n\n              <\/div>\n           <\/div>\n                            \n<style>\n#text-box-1816974429 .text-box-content {\n  background-color: rgba(255, 255, 255, 0.7);\n  font-size: 100%;\n}\n#text-box-1816974429 .text-inner {\n  padding: 10px 20px 10px 20px;\n}\n#text-box-1816974429 {\n  width: 80%;\n}\n@media (min-width:550px) {\n  #text-box-1816974429 {\n    width: 30%;\n  }\n}\n@media (min-width:850px) {\n  #text-box-1816974429 {\n    width: 22%;\n  }\n}\n<\/style>\n    <\/div>\n \n\n        <\/div>\n      <\/div>\n\n            \n<style>\n#banner-151445473 {\n  padding-top: 500px;\n}\n#banner-151445473 .overlay {\n  background-color: rgba(255,255,255,.5);\n}\n#banner-151445473 .ux-shape-divider--bottom svg {\n  height: 25px;\n  --divider-width: 100%;\n}\n<\/style>\n  <\/div>\n\n\n<div class=\"row row-collapse align-center\"  id=\"row-1890070717\">\n\n\n\t<div id=\"col-492260493\" class=\"col small-12 large-12\"  >\n\t\t\t\t<div class=\"col-inner text-center\"  >\n\t\t\t\n\t\t\t\n\n\t<div id=\"gap-1737711814\" class=\"gap-element clearfix\" style=\"display:block; height:auto;\">\n\t\t\n<style>\n#gap-1737711814 {\n  padding-top: 60px;\n}\n<\/style>\n\t<\/div>\n\t\n\n\t<div id=\"text-3268434073\" class=\"text\">\n\t\t\n\n<h4>Our social responsibility is evidenced by our commitment to finding solutions to the needs of the most vulnerable.<\/h4>\n\t\t\n<style>\n#text-3268434073 {\n  text-align: left;\n}\n<\/style>\n\t<\/div>\n\t\n\t<div id=\"text-1911699930\" class=\"text\">\n\t\t\n\n<p>In the BIOJAM SA Pharmaceutical Group, we believe that the achievements of a few should be shared by all.<\/p>\n<p>The BIOJAM FOUNDATION was created with the purpose of contributing to social balance by providing the opportunity for a better life to as many as possible. More than merely a duty, it is our drive.<\/p>\n<p>Besides financially supporting two Portuguese institutions, Biojam Foundation intends to provide free access to healthcare. Thus, ensuring that children, the elderly, and family members have access to specialty medical appointments or psychological support. Physicians and psychologists who wish to join this project provide free medical assistance. The donation of their knowledge and experience will contribute to the nobility of this project.<\/p>\n\t\t\n<style>\n#text-1911699930 {\n  text-align: left;\n}\n<\/style>\n\t<\/div>\n\t\n\n\t\t<\/div>\n\t\t\t\t\n<style>\n#col-492260493 > .col-inner {\n  padding: 0px 15px 0px 15px;\n}\n<\/style>\n\t<\/div>\n\n\t\n\n<\/div>\n\t<div id=\"gap-1288190512\" class=\"gap-element clearfix\" style=\"display:block; height:auto;\">\n\t\t\n<style>\n#gap-1288190512 {\n  padding-top: 60px;\n}\n<\/style>\n\t<\/div>\n\t\n\n<div class=\"row row-small\"  id=\"row-461825051\">\n\n\n\t<div id=\"col-477323221\" class=\"col small-12 large-12\"  >\n\t\t\t\t<div class=\"col-inner\"  >\n\t\t\t\n\t\t\t\n\n<div class=\"slider-wrapper relative\" id=\"slider-509250210\" >\n    <div class=\"slider slider-nav-circle slider-nav-large slider-nav-light slider-style-normal\"\n        data-flickity-options='{            \"cellAlign\": \"center\",            \"imagesLoaded\": true,            \"lazyLoad\": 1,            \"freeScroll\": false,            \"wrapAround\": true,            \"autoPlay\": 6000,            \"pauseAutoPlayOnHover\" : true,            \"prevNextButtons\": true,            \"contain\" : true,            \"adaptiveHeight\" : true,            \"dragThreshold\" : 10,            \"percentPosition\": true,            \"pageDots\": true,            \"rightToLeft\": false,            \"draggable\": true,            \"selectedAttraction\": 0.1,            \"parallax\" : 0,            \"friction\": 0.6        }'\n        >\n        \n\n\n  <div class=\"banner has-hover\" id=\"banner-817032319\">\n          <div class=\"banner-inner fill\">\n        <div class=\"banner-bg fill\" >\n            <div class=\"bg fill bg-fill\"><\/div>\n                        <div class=\"overlay\"><\/div>            \n                    <\/div>\n\t\t\n        <div class=\"banner-layers container\">\n            <div class=\"fill banner-link\"><\/div>            \n\n   <div id=\"text-box-1912328553\" class=\"text-box banner-layer x50 md-x50 lg-x50 y0 md-y50 lg-y50 res-text\">\n                                <div class=\"text-box-content text dark\">\n              \n              <div class=\"text-inner text-center\">\n                  \n\n  <div class=\"icon-box testimonial-box icon-box-left hide-for-small text-left\">\n                <div class=\"icon-box-img testimonial-image circle\" style=\"width: 142px\">\n              <img loading=\"lazy\" decoding=\"async\" width=\"200\" height=\"200\" src=\"https:\/\/biojam.pt\/wp-content\/uploads\/2020\/09\/diogo-monteiro-fundacao-biojam.png\" class=\"attachment-thumbnail size-thumbnail\" alt=\"diogo-monteiro-fundacao-biojam\" srcset=\"https:\/\/biojam.pt\/wp-content\/uploads\/2020\/09\/diogo-monteiro-fundacao-biojam.png 200w, https:\/\/biojam.pt\/wp-content\/uploads\/2020\/09\/diogo-monteiro-fundacao-biojam-100x100.png 100w\" sizes=\"auto, (max-width: 200px) 100vw, 200px\" \/>        <\/div>\n                <div class=\"icon-box-text p-last-0\">\n            \t\t\t\t<div class=\"testimonial-text line-height-small italic test_text first-reset last-reset is-italic\">\n            \n\n<p>In the BIOJAM SA Pharmaceutical Group, we believe that the achievements of a few should be shared by all. Thus, the BIOJAM FOUNDATION was created with the purpose of contributing to social balance by providing the opportunity for a better life to as many as possible.<\/p>\n<p>More than merely a duty, it is our drive.<\/p>\n\n          <\/div>\n          <div class=\"testimonial-meta pt-half\">\n             <strong class=\"testimonial-name test_name\">Diogo Monteiro<\/strong>\n             <span class=\"testimonial-name-divider\"> \/ <\/span>             <span class=\"testimonial-company test_company\">President<\/span>\n          <\/div>\n        <\/div>\n  <\/div>\n\n  \n  <div class=\"icon-box testimonial-box icon-box-center show-for-small text-center\">\n                <div class=\"icon-box-img testimonial-image circle\" style=\"width: 142px\">\n              <img loading=\"lazy\" decoding=\"async\" width=\"200\" height=\"200\" src=\"https:\/\/biojam.pt\/wp-content\/uploads\/2020\/09\/diogo-monteiro-fundacao-biojam.png\" class=\"attachment-thumbnail size-thumbnail\" alt=\"diogo-monteiro-fundacao-biojam\" srcset=\"https:\/\/biojam.pt\/wp-content\/uploads\/2020\/09\/diogo-monteiro-fundacao-biojam.png 200w, https:\/\/biojam.pt\/wp-content\/uploads\/2020\/09\/diogo-monteiro-fundacao-biojam-100x100.png 100w\" sizes=\"auto, (max-width: 200px) 100vw, 200px\" \/>        <\/div>\n                <div class=\"icon-box-text p-last-0\">\n            \t\t\t\t<div class=\"testimonial-text line-height-small italic test_text first-reset last-reset is-italic\">\n            \n\n<p>In the BIOJAM SA Pharmaceutical Group, we believe that the achievements of a few should be shared by all. Thus, the BIOJAM FOUNDATION was created with the purpose of contributing to social balance by providing the opportunity for a better life to as many as possible.<\/p>\n<p>More than merely a duty, it is our drive.<\/p>\n\n          <\/div>\n          <div class=\"testimonial-meta pt-half\">\n             <strong class=\"testimonial-name test_name\">Diogo Monteiro<\/strong>\n             <span class=\"testimonial-name-divider\"> \/ <\/span>             <span class=\"testimonial-company test_company\">President<\/span>\n          <\/div>\n        <\/div>\n  <\/div>\n\n  \n\n              <\/div>\n           <\/div>\n                            \n<style>\n#text-box-1912328553 {\n  width: 92%;\n}\n#text-box-1912328553 .text-box-content {\n  font-size: 100%;\n}\n@media (min-width:550px) {\n  #text-box-1912328553 {\n    width: 78%;\n  }\n}\n<\/style>\n    <\/div>\n \n\n        <\/div>\n      <\/div>\n\n            \n<style>\n#banner-817032319 {\n  padding-top: 378px;\n}\n#banner-817032319 .bg.bg-loaded {\n  background-image: 9147;\n}\n#banner-817032319 .overlay {\n  background-color: rgba(0,0,0,.5);\n}\n#banner-817032319 .bg {\n  background-position: 79% 68%;\n}\n<\/style>\n  <\/div>\n\n\n\n  <div class=\"banner has-hover\" id=\"banner-162257741\">\n          <div class=\"banner-inner fill\">\n        <div class=\"banner-bg fill\" >\n            <div class=\"bg fill bg-fill\"><\/div>\n                        <div class=\"overlay\"><\/div>            \n                    <\/div>\n\t\t\n        <div class=\"banner-layers container\">\n            <div class=\"fill banner-link\"><\/div>            \n\n   <div id=\"text-box-1674357230\" class=\"text-box banner-layer x50 md-x50 lg-x50 y0 md-y50 lg-y50 res-text\">\n                                <div class=\"text-box-content text dark\">\n              \n              <div class=\"text-inner text-center\">\n                  \n\n  <div class=\"icon-box testimonial-box icon-box-left hide-for-small text-left\">\n                <div class=\"icon-box-img testimonial-image circle\" style=\"width: 142px\">\n              <img loading=\"lazy\" decoding=\"async\" width=\"280\" height=\"280\" src=\"https:\/\/biojam.pt\/wp-content\/uploads\/2020\/10\/team-biojam-holding-group-carlos-monteiro-1-280x280.jpg\" class=\"attachment-thumbnail size-thumbnail\" alt=\"Carlos Monteiro - CEO Biojam Holding Group\" srcset=\"https:\/\/biojam.pt\/wp-content\/uploads\/2020\/10\/team-biojam-holding-group-carlos-monteiro-1-280x280.jpg 280w, https:\/\/biojam.pt\/wp-content\/uploads\/2020\/10\/team-biojam-holding-group-carlos-monteiro-1-300x300.jpg 300w, https:\/\/biojam.pt\/wp-content\/uploads\/2020\/10\/team-biojam-holding-group-carlos-monteiro-1-100x100.jpg 100w, https:\/\/biojam.pt\/wp-content\/uploads\/2020\/10\/team-biojam-holding-group-carlos-monteiro-1.jpg 400w\" sizes=\"auto, (max-width: 280px) 100vw, 280px\" \/>        <\/div>\n                <div class=\"icon-box-text p-last-0\">\n            \t\t\t\t<div class=\"testimonial-text line-height-small italic test_text first-reset last-reset is-italic\">\n            \n\n<p>On many occasions it would be easier not to try, but our spirit in the face of adversity is to make resilience and the nobility of values imperative.<\/p>\n<p>Principles in which BIOJAM SA was founded. A reference pharmaceutical company in the Iberian Peninsula, in which innovation is combined with rigor, competence, determination, ethics, resilience, and care for others as core values.<\/p>\n\n          <\/div>\n          <div class=\"testimonial-meta pt-half\">\n             <strong class=\"testimonial-name test_name\">Carlos Monteiro<\/strong>\n             <span class=\"testimonial-name-divider\"> \/ <\/span>             <span class=\"testimonial-company test_company\">CEO Biojam<\/span>\n          <\/div>\n        <\/div>\n  <\/div>\n\n  \n  <div class=\"icon-box testimonial-box icon-box-center show-for-small text-center\">\n                <div class=\"icon-box-img testimonial-image circle\" style=\"width: 142px\">\n              <img loading=\"lazy\" decoding=\"async\" width=\"280\" height=\"280\" src=\"https:\/\/biojam.pt\/wp-content\/uploads\/2020\/10\/team-biojam-holding-group-carlos-monteiro-1-280x280.jpg\" class=\"attachment-thumbnail size-thumbnail\" alt=\"Carlos Monteiro - CEO Biojam Holding Group\" srcset=\"https:\/\/biojam.pt\/wp-content\/uploads\/2020\/10\/team-biojam-holding-group-carlos-monteiro-1-280x280.jpg 280w, https:\/\/biojam.pt\/wp-content\/uploads\/2020\/10\/team-biojam-holding-group-carlos-monteiro-1-300x300.jpg 300w, https:\/\/biojam.pt\/wp-content\/uploads\/2020\/10\/team-biojam-holding-group-carlos-monteiro-1-100x100.jpg 100w, https:\/\/biojam.pt\/wp-content\/uploads\/2020\/10\/team-biojam-holding-group-carlos-monteiro-1.jpg 400w\" sizes=\"auto, (max-width: 280px) 100vw, 280px\" \/>        <\/div>\n                <div class=\"icon-box-text p-last-0\">\n            \t\t\t\t<div class=\"testimonial-text line-height-small italic test_text first-reset last-reset is-italic\">\n            \n\n<p>On many occasions it would be easier not to try, but our spirit in the face of adversity is to make resilience and the nobility of values imperative.<\/p>\n<p>Principles in which BIOJAM SA was founded. A reference pharmaceutical company in the Iberian Peninsula, in which innovation is combined with rigor, competence, determination, ethics, resilience, and care for others as core values.<\/p>\n\n          <\/div>\n          <div class=\"testimonial-meta pt-half\">\n             <strong class=\"testimonial-name test_name\">Carlos Monteiro<\/strong>\n             <span class=\"testimonial-name-divider\"> \/ <\/span>             <span class=\"testimonial-company test_company\">CEO Biojam<\/span>\n          <\/div>\n        <\/div>\n  <\/div>\n\n  \n\n              <\/div>\n           <\/div>\n                            \n<style>\n#text-box-1674357230 {\n  width: 93%;\n}\n#text-box-1674357230 .text-box-content {\n  font-size: 100%;\n}\n@media (min-width:550px) {\n  #text-box-1674357230 {\n    width: 78%;\n  }\n}\n<\/style>\n    <\/div>\n \n\n        <\/div>\n      <\/div>\n\n            \n<style>\n#banner-162257741 {\n  padding-top: 378px;\n}\n#banner-162257741 .overlay {\n  background-color: rgba(0, 0, 0, 0.68);\n}\n<\/style>\n  <\/div>\n\n\n\n     <\/div>\n\n     <div class=\"loading-spin dark large centered\"><\/div>\n\n\t<\/div>\n\n\n\n\t\t<\/div>\n\t\t\t\t\t<\/div>\n\n\t\n\n<\/div>","protected":false},"excerpt":{"rendered":"","protected":false},"author":2,"featured_media":0,"parent":0,"menu_order":0,"comment_status":"closed","ping_status":"closed","template":"page-transparent-header.php","meta":{"inline_featured_image":false,"footnotes":""},"class_list":["post-4271","page","type-page","status-publish","hentry"],"yoast_head":"<!-- This site is optimized with the Yoast SEO plugin v22.7 - https:\/\/yoast.com\/wordpress\/plugins\/seo\/ -->\n<title>Funda\u00e7\u00e3o Biojam - Biojam Holding Group<\/title>\n<meta name=\"robots\" content=\"index, follow, max-snippet:-1, max-image-preview:large, max-video-preview:-1\" \/>\n<link rel=\"canonical\" href=\"https:\/\/biojam.pt\/en\/fundacao-biojam\/\" \/>\n<meta property=\"og:locale\" content=\"en_GB\" \/>\n<meta property=\"og:type\" content=\"article\" \/>\n<meta property=\"og:title\" content=\"Funda\u00e7\u00e3o Biojam - Biojam Holding Group\" \/>\n<meta property=\"og:url\" content=\"https:\/\/biojam.pt\/en\/fundacao-biojam\/\" \/>\n<meta property=\"og:site_name\" content=\"Biojam Holding Group\" \/>\n<meta property=\"article:publisher\" content=\"https:\/\/www.facebook.com\/biojamholding\" \/>\n<meta property=\"article:modified_time\" content=\"2022-04-05T14:22:47+00:00\" \/>\n<meta name=\"twitter:card\" content=\"summary_large_image\" \/>\n<meta name=\"twitter:label1\" content=\"Estimated reading time\" \/>\n\t<meta name=\"twitter:data1\" content=\"3 minutes\" \/>\n<script type=\"application\/ld+json\" class=\"yoast-schema-graph\">{\"@context\":\"https:\/\/schema.org\",\"@graph\":[{\"@type\":\"WebPage\",\"@id\":\"https:\/\/biojam.pt\/fundacao-biojam\/\",\"url\":\"https:\/\/biojam.pt\/fundacao-biojam\/\",\"name\":\"Funda\u00e7\u00e3o Biojam - Biojam Holding Group\",\"isPartOf\":{\"@id\":\"https:\/\/biojam.pt\/#website\"},\"datePublished\":\"2022-03-17T12:01:22+00:00\",\"dateModified\":\"2022-04-05T14:22:47+00:00\",\"breadcrumb\":{\"@id\":\"https:\/\/biojam.pt\/fundacao-biojam\/#breadcrumb\"},\"inLanguage\":\"en-GB\",\"potentialAction\":[{\"@type\":\"ReadAction\",\"target\":[\"https:\/\/biojam.pt\/fundacao-biojam\/\"]}]},{\"@type\":\"BreadcrumbList\",\"@id\":\"https:\/\/biojam.pt\/fundacao-biojam\/#breadcrumb\",\"itemListElement\":[{\"@type\":\"ListItem\",\"position\":1,\"name\":\"In\u00edcio\",\"item\":\"https:\/\/biojam.pt\/\"},{\"@type\":\"ListItem\",\"position\":2,\"name\":\"Funda\u00e7\u00e3o Biojam\"}]},{\"@type\":\"WebSite\",\"@id\":\"https:\/\/biojam.pt\/#website\",\"url\":\"https:\/\/biojam.pt\/\",\"name\":\"Biojam Holding Group\",\"description\":\"Empresa farmac\u00eautica de refer\u00eancia na Pen\u00ednsula Ib\u00e9rica.\",\"publisher\":{\"@id\":\"https:\/\/biojam.pt\/#organization\"},\"potentialAction\":[{\"@type\":\"SearchAction\",\"target\":{\"@type\":\"EntryPoint\",\"urlTemplate\":\"https:\/\/biojam.pt\/?s={search_term_string}\"},\"query-input\":\"required name=search_term_string\"}],\"inLanguage\":\"en-GB\"},{\"@type\":\"Organization\",\"@id\":\"https:\/\/biojam.pt\/#organization\",\"name\":\"Biojam Holding Group\",\"url\":\"https:\/\/biojam.pt\/\",\"logo\":{\"@type\":\"ImageObject\",\"inLanguage\":\"en-GB\",\"@id\":\"https:\/\/biojam.pt\/#\/schema\/logo\/image\/\",\"url\":\"https:\/\/biojam.pt\/wp-content\/uploads\/2022\/05\/logotipo-biojam-L500px-02.png\",\"contentUrl\":\"https:\/\/biojam.pt\/wp-content\/uploads\/2022\/05\/logotipo-biojam-L500px-02.png\",\"width\":501,\"height\":199,\"caption\":\"Biojam Holding Group\"},\"image\":{\"@id\":\"https:\/\/biojam.pt\/#\/schema\/logo\/image\/\"},\"sameAs\":[\"https:\/\/www.facebook.com\/biojamholding\"]}]}<\/script>\n<!-- \/ Yoast SEO plugin. -->","yoast_head_json":{"title":"Funda\u00e7\u00e3o Biojam - Biojam Holding Group","robots":{"index":"index","follow":"follow","max-snippet":"max-snippet:-1","max-image-preview":"max-image-preview:large","max-video-preview":"max-video-preview:-1"},"canonical":"https:\/\/biojam.pt\/en\/fundacao-biojam\/","og_locale":"en_GB","og_type":"article","og_title":"Funda\u00e7\u00e3o Biojam - Biojam Holding Group","og_url":"https:\/\/biojam.pt\/en\/fundacao-biojam\/","og_site_name":"Biojam Holding Group","article_publisher":"https:\/\/www.facebook.com\/biojamholding","article_modified_time":"2022-04-05T14:22:47+00:00","twitter_card":"summary_large_image","twitter_misc":{"Estimated reading time":"3 minutes"},"schema":{"@context":"https:\/\/schema.org","@graph":[{"@type":"WebPage","@id":"https:\/\/biojam.pt\/fundacao-biojam\/","url":"https:\/\/biojam.pt\/fundacao-biojam\/","name":"Funda\u00e7\u00e3o Biojam - Biojam Holding Group","isPartOf":{"@id":"https:\/\/biojam.pt\/#website"},"datePublished":"2022-03-17T12:01:22+00:00","dateModified":"2022-04-05T14:22:47+00:00","breadcrumb":{"@id":"https:\/\/biojam.pt\/fundacao-biojam\/#breadcrumb"},"inLanguage":"en-GB","potentialAction":[{"@type":"ReadAction","target":["https:\/\/biojam.pt\/fundacao-biojam\/"]}]},{"@type":"BreadcrumbList","@id":"https:\/\/biojam.pt\/fundacao-biojam\/#breadcrumb","itemListElement":[{"@type":"ListItem","position":1,"name":"In\u00edcio","item":"https:\/\/biojam.pt\/"},{"@type":"ListItem","position":2,"name":"Funda\u00e7\u00e3o Biojam"}]},{"@type":"WebSite","@id":"https:\/\/biojam.pt\/#website","url":"https:\/\/biojam.pt\/","name":"Biojam Holding Group","description":"Empresa farmac\u00eautica de refer\u00eancia na Pen\u00ednsula Ib\u00e9rica.","publisher":{"@id":"https:\/\/biojam.pt\/#organization"},"potentialAction":[{"@type":"SearchAction","target":{"@type":"EntryPoint","urlTemplate":"https:\/\/biojam.pt\/?s={search_term_string}"},"query-input":"required name=search_term_string"}],"inLanguage":"en-GB"},{"@type":"Organization","@id":"https:\/\/biojam.pt\/#organization","name":"Biojam Holding Group","url":"https:\/\/biojam.pt\/","logo":{"@type":"ImageObject","inLanguage":"en-GB","@id":"https:\/\/biojam.pt\/#\/schema\/logo\/image\/","url":"https:\/\/biojam.pt\/wp-content\/uploads\/2022\/05\/logotipo-biojam-L500px-02.png","contentUrl":"https:\/\/biojam.pt\/wp-content\/uploads\/2022\/05\/logotipo-biojam-L500px-02.png","width":501,"height":199,"caption":"Biojam Holding Group"},"image":{"@id":"https:\/\/biojam.pt\/#\/schema\/logo\/image\/"},"sameAs":["https:\/\/www.facebook.com\/biojamholding"]}]}},"_links":{"self":[{"href":"https:\/\/biojam.pt\/en\/wp-json\/wp\/v2\/pages\/4271","targetHints":{"allow":["GET"]}}],"collection":[{"href":"https:\/\/biojam.pt\/en\/wp-json\/wp\/v2\/pages"}],"about":[{"href":"https:\/\/biojam.pt\/en\/wp-json\/wp\/v2\/types\/page"}],"author":[{"embeddable":true,"href":"https:\/\/biojam.pt\/en\/wp-json\/wp\/v2\/users\/2"}],"replies":[{"embeddable":true,"href":"https:\/\/biojam.pt\/en\/wp-json\/wp\/v2\/comments?post=4271"}],"version-history":[{"count":17,"href":"https:\/\/biojam.pt\/en\/wp-json\/wp\/v2\/pages\/4271\/revisions"}],"predecessor-version":[{"id":4677,"href":"https:\/\/biojam.pt\/en\/wp-json\/wp\/v2\/pages\/4271\/revisions\/4677"}],"wp:attachment":[{"href":"https:\/\/biojam.pt\/en\/wp-json\/wp\/v2\/media?parent=4271"}],"curies":[{"name":"wp","href":"https:\/\/api.w.org\/{rel}","templated":true}]}}