{"id":4381,"date":"2022-03-17T15:56:31","date_gmt":"2022-03-17T15:56:31","guid":{"rendered":"https:\/\/biojam.pt\/?page_id=4381"},"modified":"2024-04-22T14:58:20","modified_gmt":"2024-04-22T14:58:20","slug":"contacte-nos","status":"publish","type":"page","link":"https:\/\/biojam.pt\/en\/contacte-nos\/","title":{"rendered":"Contact Us"},"content":{"rendered":"<div class=\"row row-collapse row-full-width\"  id=\"row-1449740390\">\n\n\n\t<div id=\"col-579999279\" class=\"col small-12 large-12\"  >\n\t\t\t\t<div class=\"col-inner\" style=\"background-color:#0071bc;\" >\n\t\t\t\n\t\t\t\n\n\t<div id=\"gap-1831214477\" class=\"gap-element clearfix\" style=\"display:block; height:auto;\">\n\t\t\n<style>\n#gap-1831214477 {\n  padding-top: 2px;\n}\n<\/style>\n\t<\/div>\n\t\n\n\n\t\t<\/div>\n\t\t\t\t\t<\/div>\n\n\t\n\n\t<div id=\"col-2139286632\" class=\"col small-12 large-12\"  >\n\t\t\t\t<div class=\"col-inner\"  >\n\t\t\t\n\t\t\t\n\n\t<div id=\"gap-1416735882\" class=\"gap-element clearfix\" style=\"display:block; height:auto;\">\n\t\t\n<style>\n#gap-1416735882 {\n  padding-top: 100px;\n}\n<\/style>\n\t<\/div>\n\t\n\n\n\t\t<\/div>\n\t\t\t\t\t<\/div>\n\n\t\n\n<\/div>\n<div class=\"row\"  id=\"row-1435082884\">\n\n\n\t<div id=\"col-108551286\" class=\"col small-12 large-12\"  >\n\t\t\t\t<div class=\"col-inner\"  >\n\t\t\t\n\t\t\t\n\n\t<div id=\"text-2481194209\" class=\"text\">\n\t\t\n\n<h2 class=\"uppercase\">Contact Us<\/h2>\n\t\t\n<style>\n#text-2481194209 {\n  text-align: center;\n}\n<\/style>\n\t<\/div>\n\t\n\t<div id=\"gap-936712389\" class=\"gap-element clearfix\" style=\"display:block; height:auto;\">\n\t\t\n<style>\n#gap-936712389 {\n  padding-top: 60px;\n}\n<\/style>\n\t<\/div>\n\t\n\n\n\t\t<\/div>\n\t\t\t\t\t<\/div>\n\n\t\n\n<\/div>\n<div class=\"row\"  id=\"row-1439110587\">\n\n\n\t<div id=\"col-990984139\" class=\"col medium-4 small-12 large-4\"  >\n\t\t\t\t<div class=\"col-inner\"  >\n\t\t\t\n\t\t\t\n\n<p><strong>Biojam, SA \u2013 Headquarters<\/strong><br \/>Rua das Pereiras, 52 \u2013 Torre<br \/>2750-760 Cascais<\/p>\n<p><strong>Biojam, SA \u2013 Commercial<\/strong><br \/>Rua Tierno Galvan, 10 &#8211; Torre 3, 5\u00ba<br \/>Escrit\u00f3rio 509, 1070-274 Lisboa<\/p>\n<p><strong>Biojam, SA - Logistic Platform<br \/><\/strong>Quinta do Pinheiro, 5<br \/>2615-184 Alverca do Ribatejo<\/p>\n<p><strong>Phone<\/strong><br \/>+351 215 800 737<br \/><em>\u00abCall to the national landline telephone\u00bb<\/em><\/p>\n<p><strong>Emails<\/strong><br \/>geral@biojam.pt<\/p>\n<div class=\"is-divider divider clearfix\" ><\/div>\n\n<p><strong>Pharmacovigilance Portugal<\/strong><br \/>Phone: +351 212 697 910 <em>\u00abCall to the national landline telephone\u00bb<\/em><br \/>Email: farmacovigilancia@phagecon.pt<\/p>\n<p><strong>Pharmacovigilance Spain<\/strong><br \/>Phone: +34 683 137 184<br \/>Email: drugsafety.es@phagecon.pt<\/p>\n\n\t\t<\/div>\n\t\t\t\t\t<\/div>\n\n\t\n\n\t<div id=\"col-1493409113\" class=\"col medium-8 small-12 large-8\"  >\n\t\t\t\t<div class=\"col-inner\"  >\n\t\t\t\n\t\t\t\n\n\n\t<script type=\"text\/javascript\">\n  jQuery( document ).ready(function() {\n    function initialize() {\n        var styles = {\n            'flatsome':  [{\n            \"featureType\": \"administrative\",\n            \"stylers\": [\n              { \"visibility\": \"on\" }\n            ]\n          },\n          {\n            \"featureType\": \"road\",\n            \"stylers\": [\n              { \"visibility\": \"on\" },\n              { \"hue\": \"#085ec0\" }\n            ]\n          },\n          {\n            \"stylers\": [\n\t\t\t  { \"visibility\": \"on\" },\n\t\t\t  { \"hue\": \"#085ec0\" },\n\t\t\t  { \"saturation\": -30 }\n            ]\n          }\n        ]};\n\n        var myLatlng = new google.maps.LatLng(38.7228477, -9.1634579);\n        var myOptions = {\n            zoom: 14,\n            center: myLatlng,\n            mapTypeId: google.maps.MapTypeId.ROADMAP,\n            disableDefaultUI: true,\n            mapTypeId: 'flatsome',\n            draggable: true,\n            zoomControl: true,\n            zoomControlOptions: {\n              position: google.maps.ControlPosition.TOP_LEFT\n            },\n      \t\t\t\/\/ panControl: true,\n            \/\/ panControlOptions: {\n            \/\/   position: google.maps.ControlPosition.TOP_LEFT\n            \/\/ },\n      \t\t\tmapTypeControl: false,\n            mapTypeControlOptions: {\n              position: google.maps.ControlPosition.TOP_LEFT\n            },\n      \t\t\t\/\/ scaleControl: true,\n            \/\/ scaleControlOptions: {\n            \/\/   position: google.maps.ControlPosition.TOP_LEFT\n            \/\/ },\n      \t\t\tstreetViewControl: true,\n            streetViewControlOptions: {\n              position: google.maps.ControlPosition.TOP_LEFT\n            },\n      \t\t\t\/\/ overviewMapControl: true,\n            \/\/ overviewMapControlOptions: {\n            \/\/   position: google.maps.ControlPosition.TOP_LEFT\n            \/\/ },\n            scrollwheel: false,\n            disableDoubleClickZoom: true\n        }\n        var map = new google.maps.Map(document.getElementById(\"map-3008684364-inner\"), myOptions);\n        var styledMapType = new google.maps.StyledMapType(styles['flatsome'], {name: 'flatsome'});\n        map.mapTypes.set('flatsome', styledMapType);\n\n        var marker = new google.maps.Marker({\n            position: myLatlng,\n            map: map,\n            title:\"\"\n        });\n    }\n\n    \/\/ Required to proceed\n    if (!(typeof google === 'object' && typeof google.maps === 'object')) {\n      return\n    }\n\n    initialize()\n    google.maps.event.addDomListener(window, 'resize', initialize);\n    });\n    <\/script>\n\n    <div class=\"google-map relative mb\" id=\"map-3008684364\">\n        <div class=\"map-height\" id=\"map-3008684364-inner\"><\/div>\n        <div id=\"map_overlay_top\"><\/div>\n        <div id=\"map_overlay_bottom\"><\/div>\n         \n       \n<style>\n#map-3008684364 .map-inner {\n  background-color: #fff;\n  max-width: 100%;\n}\n#map-3008684364 .map-height {\n  height: 400px;\n}\n@media (min-width:550px) {\n  #map-3008684364 .map-inner {\n    max-width: 40%;\n  }\n}\n@media (min-width:850px) {\n  #map-3008684364 .map-inner {\n    max-width: 30%;\n  }\n}\n<\/style>\n    <\/div>\n\n\t\n\t<div id=\"gap-1750881574\" class=\"gap-element clearfix\" style=\"display:block; height:auto;\">\n\t\t\n<style>\n#gap-1750881574 {\n  padding-top: 30px;\n}\n<\/style>\n\t<\/div>\n\t\n\n\n<div class=\"wpcf7 no-js\" id=\"wpcf7-f7-o1\" lang=\"pt-PT\" dir=\"ltr\">\n<div class=\"screen-reader-response\"><p role=\"status\" aria-live=\"polite\" aria-atomic=\"true\"><\/p> <ul><\/ul><\/div>\n<form action=\"\/en\/wp-json\/wp\/v2\/pages\/4381#wpcf7-f7-o1\" method=\"post\" class=\"wpcf7-form init\" aria-label=\"Formul\u00e1rio de contacto\" novalidate=\"novalidate\" data-status=\"init\" data-trp-original-action=\"\/en\/wp-json\/wp\/v2\/pages\/4381#wpcf7-f7-o1\">\n<div style=\"display: none;\">\n<input type=\"hidden\" name=\"_wpcf7\" value=\"7\" \/>\n<input type=\"hidden\" name=\"_wpcf7_version\" value=\"5.9.4\" \/>\n<input type=\"hidden\" name=\"_wpcf7_locale\" value=\"pt_PT\" \/>\n<input type=\"hidden\" name=\"_wpcf7_unit_tag\" value=\"wpcf7-f7-o1\" \/>\n<input type=\"hidden\" name=\"_wpcf7_container_post\" value=\"0\" \/>\n<input type=\"hidden\" name=\"_wpcf7_posted_data_hash\" value=\"\" \/>\n<input type=\"hidden\" name=\"_wpcf7_recaptcha_response\" value=\"\" \/>\n<\/div>\n<div class=\"form-flat\">\n\t<p><span class=\"wpcf7-form-control-wrap\" data-name=\"bio-nome\"><input size=\"40\" class=\"wpcf7-form-control wpcf7-text wpcf7-validates-as-required\" aria-required=\"true\" aria-invalid=\"false\" placeholder=\"Name\" value=\"\" type=\"text\" name=\"bio-nome\" \/><\/span>\n\t<\/p>\n\t<p><span class=\"wpcf7-form-control-wrap\" data-name=\"bio-tel\"><input size=\"40\" class=\"wpcf7-form-control wpcf7-tel wpcf7-text wpcf7-validates-as-tel\" aria-invalid=\"false\" placeholder=\"Phone\" value=\"\" type=\"tel\" name=\"bio-tel\" \/><\/span>\n\t<\/p>\n\t<p><span class=\"wpcf7-form-control-wrap\" data-name=\"bio-email\"><input size=\"40\" class=\"wpcf7-form-control wpcf7-email wpcf7-validates-as-required wpcf7-text wpcf7-validates-as-email\" aria-required=\"true\" aria-invalid=\"false\" placeholder=\"Email\" value=\"\" type=\"email\" name=\"bio-email\" \/><\/span>\n\t<\/p>\n\t<p><span class=\"wpcf7-form-control-wrap\" data-name=\"bio-mensagem\"><textarea cols=\"40\" rows=\"10\" class=\"wpcf7-form-control wpcf7-textarea\" aria-invalid=\"false\" placeholder=\"Message\" name=\"bio-mensagem\"><\/textarea><\/span>\n\t<\/p>\n\t<p><span class=\"wpcf7-form-control-wrap\" data-name=\"aceite-contacto\"><span class=\"wpcf7-form-control wpcf7-acceptance\"><span class=\"wpcf7-list-item\"><label><input type=\"checkbox\" name=\"aceite-contacto\" value=\"1\" aria-invalid=\"false\" \/><span class=\"wpcf7-list-item-label\">I declare that I agree to give my data in the context of this Contact Request and the Biojam Holding Group Privacy Policy - https:\/\/biojam.pt\/en\/privacy-policy\/<\/span><\/label><\/span><\/span><\/span>\n\t<\/p>\n\t<p><span class=\"wpcf7-form-control-wrap\" data-name=\"aceita-comercial\"><span class=\"wpcf7-form-control wpcf7-checkbox\"><span class=\"wpcf7-list-item first last\"><label><input type=\"checkbox\" name=\"aceita-comercial[]\" value=\"Autorizo o tratamento dos meus dados pessoais para efeito de comunica\u00e7\u00e3o e divulga\u00e7\u00e3o publicit\u00e1ria de servi\u00e7os, actividades, eventos e not\u00edcias (opcional)\" \/><span class=\"wpcf7-list-item-label\">I authorize the processing of my personal data for the purpose of communication and advertising disclosure of services, activities, events, and news (optional)<\/span><\/label><\/span><\/span><\/span>\n\t<\/p>\n\t<p><input class=\"wpcf7-form-control wpcf7-submit has-spinner button\" type=\"submit\" value=\"Send\" \/>\n\t<\/p>\n<\/div><div class=\"wpcf7-response-output\" aria-hidden=\"true\"><\/div>\n<input type=\"hidden\" name=\"trp-form-language\" value=\"en\"\/><\/form>\n<\/div>\n\n\n\n\t\t<\/div>\n\t\t\t\t\t<\/div>\n\n\t\n\n<\/div>\n\t<div id=\"gap-473353618\" class=\"gap-element clearfix\" style=\"display:block; height:auto;\">\n\t\t\n<style>\n#gap-473353618 {\n  padding-top: 100px;\n}\n<\/style>\n\t<\/div>","protected":false},"excerpt":{"rendered":"","protected":false},"author":2,"featured_media":0,"parent":0,"menu_order":0,"comment_status":"closed","ping_status":"closed","template":"page-blank.php","meta":{"inline_featured_image":false,"footnotes":""},"class_list":["post-4381","page","type-page","status-publish","hentry"],"yoast_head":"<!-- This site is optimized with the Yoast SEO plugin v22.7 - https:\/\/yoast.com\/wordpress\/plugins\/seo\/ -->\n<title>Contacte-nos - Biojam Holding Group<\/title>\n<meta name=\"robots\" content=\"index, follow, max-snippet:-1, max-image-preview:large, max-video-preview:-1\" \/>\n<link rel=\"canonical\" href=\"https:\/\/biojam.pt\/en\/contacte-nos\/\" \/>\n<meta property=\"og:locale\" content=\"en_GB\" \/>\n<meta property=\"og:type\" content=\"article\" \/>\n<meta property=\"og:title\" content=\"Contacte-nos - Biojam Holding Group\" \/>\n<meta property=\"og:url\" content=\"https:\/\/biojam.pt\/en\/contacte-nos\/\" \/>\n<meta property=\"og:site_name\" content=\"Biojam Holding Group\" \/>\n<meta property=\"article:publisher\" content=\"https:\/\/www.facebook.com\/biojamholding\" \/>\n<meta property=\"article:modified_time\" content=\"2024-04-22T14:58:20+00:00\" \/>\n<meta name=\"twitter:card\" content=\"summary_large_image\" \/>\n<meta name=\"twitter:label1\" content=\"Estimated reading time\" \/>\n\t<meta name=\"twitter:data1\" content=\"1 minute\" \/>\n<script type=\"application\/ld+json\" class=\"yoast-schema-graph\">{\"@context\":\"https:\/\/schema.org\",\"@graph\":[{\"@type\":\"WebPage\",\"@id\":\"https:\/\/biojam.pt\/contacte-nos\/\",\"url\":\"https:\/\/biojam.pt\/contacte-nos\/\",\"name\":\"Contacte-nos - Biojam Holding Group\",\"isPartOf\":{\"@id\":\"https:\/\/biojam.pt\/#website\"},\"datePublished\":\"2022-03-17T15:56:31+00:00\",\"dateModified\":\"2024-04-22T14:58:20+00:00\",\"breadcrumb\":{\"@id\":\"https:\/\/biojam.pt\/contacte-nos\/#breadcrumb\"},\"inLanguage\":\"en-GB\",\"potentialAction\":[{\"@type\":\"ReadAction\",\"target\":[\"https:\/\/biojam.pt\/contacte-nos\/\"]}]},{\"@type\":\"BreadcrumbList\",\"@id\":\"https:\/\/biojam.pt\/contacte-nos\/#breadcrumb\",\"itemListElement\":[{\"@type\":\"ListItem\",\"position\":1,\"name\":\"In\u00edcio\",\"item\":\"https:\/\/biojam.pt\/\"},{\"@type\":\"ListItem\",\"position\":2,\"name\":\"Contacte-nos\"}]},{\"@type\":\"WebSite\",\"@id\":\"https:\/\/biojam.pt\/#website\",\"url\":\"https:\/\/biojam.pt\/\",\"name\":\"Biojam Holding Group\",\"description\":\"Empresa farmac\u00eautica de refer\u00eancia na Pen\u00ednsula Ib\u00e9rica.\",\"publisher\":{\"@id\":\"https:\/\/biojam.pt\/#organization\"},\"potentialAction\":[{\"@type\":\"SearchAction\",\"target\":{\"@type\":\"EntryPoint\",\"urlTemplate\":\"https:\/\/biojam.pt\/?s={search_term_string}\"},\"query-input\":\"required name=search_term_string\"}],\"inLanguage\":\"en-GB\"},{\"@type\":\"Organization\",\"@id\":\"https:\/\/biojam.pt\/#organization\",\"name\":\"Biojam Holding Group\",\"url\":\"https:\/\/biojam.pt\/\",\"logo\":{\"@type\":\"ImageObject\",\"inLanguage\":\"en-GB\",\"@id\":\"https:\/\/biojam.pt\/#\/schema\/logo\/image\/\",\"url\":\"https:\/\/biojam.pt\/wp-content\/uploads\/2022\/05\/logotipo-biojam-L500px-02.png\",\"contentUrl\":\"https:\/\/biojam.pt\/wp-content\/uploads\/2022\/05\/logotipo-biojam-L500px-02.png\",\"width\":501,\"height\":199,\"caption\":\"Biojam Holding Group\"},\"image\":{\"@id\":\"https:\/\/biojam.pt\/#\/schema\/logo\/image\/\"},\"sameAs\":[\"https:\/\/www.facebook.com\/biojamholding\"]}]}<\/script>\n<!-- \/ Yoast SEO plugin. -->","yoast_head_json":{"title":"Contacte-nos - Biojam Holding Group","robots":{"index":"index","follow":"follow","max-snippet":"max-snippet:-1","max-image-preview":"max-image-preview:large","max-video-preview":"max-video-preview:-1"},"canonical":"https:\/\/biojam.pt\/en\/contacte-nos\/","og_locale":"en_GB","og_type":"article","og_title":"Contacte-nos - Biojam Holding Group","og_url":"https:\/\/biojam.pt\/en\/contacte-nos\/","og_site_name":"Biojam Holding Group","article_publisher":"https:\/\/www.facebook.com\/biojamholding","article_modified_time":"2024-04-22T14:58:20+00:00","twitter_card":"summary_large_image","twitter_misc":{"Estimated reading time":"1 minute"},"schema":{"@context":"https:\/\/schema.org","@graph":[{"@type":"WebPage","@id":"https:\/\/biojam.pt\/contacte-nos\/","url":"https:\/\/biojam.pt\/contacte-nos\/","name":"Contacte-nos - Biojam Holding Group","isPartOf":{"@id":"https:\/\/biojam.pt\/#website"},"datePublished":"2022-03-17T15:56:31+00:00","dateModified":"2024-04-22T14:58:20+00:00","breadcrumb":{"@id":"https:\/\/biojam.pt\/contacte-nos\/#breadcrumb"},"inLanguage":"en-GB","potentialAction":[{"@type":"ReadAction","target":["https:\/\/biojam.pt\/contacte-nos\/"]}]},{"@type":"BreadcrumbList","@id":"https:\/\/biojam.pt\/contacte-nos\/#breadcrumb","itemListElement":[{"@type":"ListItem","position":1,"name":"In\u00edcio","item":"https:\/\/biojam.pt\/"},{"@type":"ListItem","position":2,"name":"Contacte-nos"}]},{"@type":"WebSite","@id":"https:\/\/biojam.pt\/#website","url":"https:\/\/biojam.pt\/","name":"Biojam Holding Group","description":"Empresa farmac\u00eautica de refer\u00eancia na Pen\u00ednsula Ib\u00e9rica.","publisher":{"@id":"https:\/\/biojam.pt\/#organization"},"potentialAction":[{"@type":"SearchAction","target":{"@type":"EntryPoint","urlTemplate":"https:\/\/biojam.pt\/?s={search_term_string}"},"query-input":"required name=search_term_string"}],"inLanguage":"en-GB"},{"@type":"Organization","@id":"https:\/\/biojam.pt\/#organization","name":"Biojam Holding Group","url":"https:\/\/biojam.pt\/","logo":{"@type":"ImageObject","inLanguage":"en-GB","@id":"https:\/\/biojam.pt\/#\/schema\/logo\/image\/","url":"https:\/\/biojam.pt\/wp-content\/uploads\/2022\/05\/logotipo-biojam-L500px-02.png","contentUrl":"https:\/\/biojam.pt\/wp-content\/uploads\/2022\/05\/logotipo-biojam-L500px-02.png","width":501,"height":199,"caption":"Biojam Holding Group"},"image":{"@id":"https:\/\/biojam.pt\/#\/schema\/logo\/image\/"},"sameAs":["https:\/\/www.facebook.com\/biojamholding"]}]}},"_links":{"self":[{"href":"https:\/\/biojam.pt\/en\/wp-json\/wp\/v2\/pages\/4381","targetHints":{"allow":["GET"]}}],"collection":[{"href":"https:\/\/biojam.pt\/en\/wp-json\/wp\/v2\/pages"}],"about":[{"href":"https:\/\/biojam.pt\/en\/wp-json\/wp\/v2\/types\/page"}],"author":[{"embeddable":true,"href":"https:\/\/biojam.pt\/en\/wp-json\/wp\/v2\/users\/2"}],"replies":[{"embeddable":true,"href":"https:\/\/biojam.pt\/en\/wp-json\/wp\/v2\/comments?post=4381"}],"version-history":[{"count":25,"href":"https:\/\/biojam.pt\/en\/wp-json\/wp\/v2\/pages\/4381\/revisions"}],"predecessor-version":[{"id":6521,"href":"https:\/\/biojam.pt\/en\/wp-json\/wp\/v2\/pages\/4381\/revisions\/6521"}],"wp:attachment":[{"href":"https:\/\/biojam.pt\/en\/wp-json\/wp\/v2\/media?parent=4381"}],"curies":[{"name":"wp","href":"https:\/\/api.w.org\/{rel}","templated":true}]}}