{"id":4390,"date":"2022-03-17T16:16:54","date_gmt":"2022-03-17T16:16:54","guid":{"rendered":"https:\/\/biojam.pt\/?page_id=4390"},"modified":"2022-03-17T16:24:50","modified_gmt":"2022-03-17T16:24:50","slug":"join-us","status":"publish","type":"page","link":"https:\/\/biojam.pt\/en\/join-us\/","title":{"rendered":"Join Us"},"content":{"rendered":"<div class=\"row row-collapse row-full-width\"  id=\"row-1681876454\">\n\n\n\t<div id=\"col-970333125\" class=\"col small-12 large-12\"  >\n\t\t\t\t<div class=\"col-inner\"  >\n\t\t\t\n\t\t\t\n\n\n  <div class=\"banner has-hover\" id=\"banner-1431242910\">\n          <div class=\"banner-inner fill\">\n        <div class=\"banner-bg fill\" >\n            <div class=\"bg fill bg-fill\"><\/div>\n                        <div class=\"overlay\"><\/div>            \n                    <\/div>\n\t\t\n        <div class=\"banner-layers container\">\n            <div class=\"fill banner-link\"><\/div>            \n\n   <div id=\"text-box-399877919\" class=\"text-box banner-layer x50 md-x50 lg-x50 y90 md-y90 lg-y90 res-text\">\n                                <div class=\"text-box-content text dark\">\n              \n              <div class=\"text-inner text-center\">\n                  \n\n<div class=\"row row-dashed\"  id=\"row-1570065238\">\n\n\n\t<div id=\"col-1330235237\" class=\"col medium-4 small-12 large-4\"  >\n\t\t\t\t<div class=\"col-inner\"  >\n\t\t\t\n\t\t\t\n\n<h2>Join Us!<\/h2>\n\n<div class=\"is-divider divider clearfix\" ><\/div>\n\n<p>Send us your Curriculum Vitae and receive e-mail notifications whenever a suitable opportunity is published.<\/p>\n\n\t\t<\/div>\n\t\t\t\t\t<\/div>\n\n\t\n\n\t<div id=\"col-1403949898\" class=\"col medium-8 small-12 large-8\"  >\n\t\t\t\t<div class=\"col-inner\"  >\n\t\t\t\n\t\t\t\n\n\n<div class=\"wpcf7 no-js\" id=\"wpcf7-f4379-o1\" lang=\"pt-PT\" dir=\"ltr\">\n<div class=\"screen-reader-response\"><p role=\"status\" aria-live=\"polite\" aria-atomic=\"true\"><\/p> <ul><\/ul><\/div>\n<form action=\"\/en\/wp-json\/wp\/v2\/pages\/4390#wpcf7-f4379-o1\" method=\"post\" class=\"wpcf7-form init\" aria-label=\"Formul\u00e1rio de contacto\" enctype=\"multipart\/form-data\" novalidate=\"novalidate\" data-status=\"init\" data-trp-original-action=\"\/en\/wp-json\/wp\/v2\/pages\/4390#wpcf7-f4379-o1\">\n<div style=\"display: none;\">\n<input type=\"hidden\" name=\"_wpcf7\" value=\"4379\" \/>\n<input type=\"hidden\" name=\"_wpcf7_version\" value=\"5.9.4\" \/>\n<input type=\"hidden\" name=\"_wpcf7_locale\" value=\"pt_PT\" \/>\n<input type=\"hidden\" name=\"_wpcf7_unit_tag\" value=\"wpcf7-f4379-o1\" \/>\n<input type=\"hidden\" name=\"_wpcf7_container_post\" value=\"0\" \/>\n<input type=\"hidden\" name=\"_wpcf7_posted_data_hash\" value=\"\" \/>\n<input type=\"hidden\" name=\"_wpcf7_recaptcha_response\" value=\"\" \/>\n<\/div>\n<div class=\"form-flat\">\n\t<p><span class=\"wpcf7-form-control-wrap\" data-name=\"bio-nome\"><input size=\"40\" class=\"wpcf7-form-control wpcf7-text wpcf7-validates-as-required\" aria-required=\"true\" aria-invalid=\"false\" placeholder=\"Name\" value=\"\" type=\"text\" name=\"bio-nome\" \/><\/span><br \/>\n<span class=\"wpcf7-form-control-wrap\" data-name=\"bio-email\"><input size=\"40\" class=\"wpcf7-form-control wpcf7-email wpcf7-validates-as-required wpcf7-text wpcf7-validates-as-email\" aria-required=\"true\" aria-invalid=\"false\" placeholder=\"Email\" value=\"\" type=\"email\" name=\"bio-email\" \/><\/span><br \/>\nUpload your Curriculum Vitae:<br \/>\n<span class=\"wpcf7-form-control-wrap\" data-name=\"bio-cv\"><input size=\"40\" class=\"wpcf7-form-control wpcf7-file wpcf7-validates-as-required\" accept=\".pdf,.jpg,.png\" aria-required=\"true\" aria-invalid=\"false\" type=\"file\" name=\"bio-cv\" \/><\/span><br \/>\n<span class=\"wpcf7-form-control-wrap\" data-name=\"aceite-contacto\"><span class=\"wpcf7-form-control wpcf7-acceptance\"><span class=\"wpcf7-list-item\"><label><input type=\"checkbox\" name=\"aceite-contacto\" value=\"1\" aria-invalid=\"false\" \/><span class=\"wpcf7-list-item-label\">I declare that I agree to give my data in the context of this Contact Request and the Biojam Holding Group Privacy Policy - https:\/\/biojam.pt\/en\/privacy-policy\/<\/span><\/label><\/span><\/span><\/span><br \/>\n<input class=\"wpcf7-form-control wpcf7-submit has-spinner button\" type=\"submit\" value=\"Send\" \/>\n\t<\/p>\n<\/div><div class=\"wpcf7-response-output\" aria-hidden=\"true\"><\/div>\n<input type=\"hidden\" name=\"trp-form-language\" value=\"en\"\/><\/form>\n<\/div>\n\n\n\n\t\t<\/div>\n\t\t\t\t\t<\/div>\n\n\t\n\n<\/div>\n\n              <\/div>\n           <\/div>\n                            \n<style>\n#text-box-399877919 {\n  width: 60%;\n}\n#text-box-399877919 .text-box-content {\n  font-size: 100%;\n}\n<\/style>\n    <\/div>\n \n\n        <\/div>\n      <\/div>\n\n            \n<style>\n#banner-1431242910 {\n  padding-top: 800px;\n}\n#banner-1431242910 .bg.bg-loaded {\n  background-image: url(https:\/\/biojam.pt\/wp-content\/uploads\/2022\/03\/group-people-working-out-business-plan-office-scaled.jpg);\n}\n#banner-1431242910 .overlay {\n  background-color: rgba(0, 113, 188, 0.686);\n}\n#banner-1431242910 .bg {\n  background-position: 48% 59%;\n}\n<\/style>\n  <\/div>\n\n\n\n\t\t<\/div>\n\t\t\t\t\t<\/div>\n\n\t\n\n<\/div>\n\t<div id=\"gap-397314633\" class=\"gap-element clearfix\" style=\"display:block; height:auto;\">\n\t\t\n<style>\n#gap-397314633 {\n  padding-top: 100px;\n}\n<\/style>\n\t<\/div>","protected":false},"excerpt":{"rendered":"","protected":false},"author":2,"featured_media":0,"parent":0,"menu_order":0,"comment_status":"closed","ping_status":"closed","template":"page-blank.php","meta":{"inline_featured_image":false,"footnotes":""},"class_list":["post-4390","page","type-page","status-publish","hentry"],"yoast_head":"<!-- This site is optimized with the Yoast SEO plugin v22.7 - https:\/\/yoast.com\/wordpress\/plugins\/seo\/ -->\n<title>Join Us - Biojam Holding Group<\/title>\n<meta name=\"robots\" content=\"index, follow, max-snippet:-1, max-image-preview:large, max-video-preview:-1\" \/>\n<link rel=\"canonical\" href=\"https:\/\/biojam.pt\/en\/join-us\/\" \/>\n<meta property=\"og:locale\" content=\"en_GB\" \/>\n<meta property=\"og:type\" content=\"article\" \/>\n<meta property=\"og:title\" content=\"Join Us - Biojam Holding Group\" \/>\n<meta property=\"og:url\" content=\"https:\/\/biojam.pt\/en\/join-us\/\" \/>\n<meta property=\"og:site_name\" content=\"Biojam Holding Group\" \/>\n<meta property=\"article:publisher\" content=\"https:\/\/www.facebook.com\/biojamholding\" \/>\n<meta property=\"article:modified_time\" content=\"2022-03-17T16:24:50+00:00\" \/>\n<meta name=\"twitter:card\" content=\"summary_large_image\" \/>\n<script type=\"application\/ld+json\" class=\"yoast-schema-graph\">{\"@context\":\"https:\/\/schema.org\",\"@graph\":[{\"@type\":\"WebPage\",\"@id\":\"https:\/\/biojam.pt\/join-us\/\",\"url\":\"https:\/\/biojam.pt\/join-us\/\",\"name\":\"Join Us - Biojam Holding Group\",\"isPartOf\":{\"@id\":\"https:\/\/biojam.pt\/#website\"},\"datePublished\":\"2022-03-17T16:16:54+00:00\",\"dateModified\":\"2022-03-17T16:24:50+00:00\",\"breadcrumb\":{\"@id\":\"https:\/\/biojam.pt\/join-us\/#breadcrumb\"},\"inLanguage\":\"en-GB\",\"potentialAction\":[{\"@type\":\"ReadAction\",\"target\":[\"https:\/\/biojam.pt\/join-us\/\"]}]},{\"@type\":\"BreadcrumbList\",\"@id\":\"https:\/\/biojam.pt\/join-us\/#breadcrumb\",\"itemListElement\":[{\"@type\":\"ListItem\",\"position\":1,\"name\":\"In\u00edcio\",\"item\":\"https:\/\/biojam.pt\/\"},{\"@type\":\"ListItem\",\"position\":2,\"name\":\"Join Us\"}]},{\"@type\":\"WebSite\",\"@id\":\"https:\/\/biojam.pt\/#website\",\"url\":\"https:\/\/biojam.pt\/\",\"name\":\"Biojam Holding Group\",\"description\":\"Empresa farmac\u00eautica de refer\u00eancia na Pen\u00ednsula Ib\u00e9rica.\",\"publisher\":{\"@id\":\"https:\/\/biojam.pt\/#organization\"},\"potentialAction\":[{\"@type\":\"SearchAction\",\"target\":{\"@type\":\"EntryPoint\",\"urlTemplate\":\"https:\/\/biojam.pt\/?s={search_term_string}\"},\"query-input\":\"required name=search_term_string\"}],\"inLanguage\":\"en-GB\"},{\"@type\":\"Organization\",\"@id\":\"https:\/\/biojam.pt\/#organization\",\"name\":\"Biojam Holding Group\",\"url\":\"https:\/\/biojam.pt\/\",\"logo\":{\"@type\":\"ImageObject\",\"inLanguage\":\"en-GB\",\"@id\":\"https:\/\/biojam.pt\/#\/schema\/logo\/image\/\",\"url\":\"https:\/\/biojam.pt\/wp-content\/uploads\/2022\/05\/logotipo-biojam-L500px-02.png\",\"contentUrl\":\"https:\/\/biojam.pt\/wp-content\/uploads\/2022\/05\/logotipo-biojam-L500px-02.png\",\"width\":501,\"height\":199,\"caption\":\"Biojam Holding Group\"},\"image\":{\"@id\":\"https:\/\/biojam.pt\/#\/schema\/logo\/image\/\"},\"sameAs\":[\"https:\/\/www.facebook.com\/biojamholding\"]}]}<\/script>\n<!-- \/ Yoast SEO plugin. -->","yoast_head_json":{"title":"Join Us - Biojam Holding Group","robots":{"index":"index","follow":"follow","max-snippet":"max-snippet:-1","max-image-preview":"max-image-preview:large","max-video-preview":"max-video-preview:-1"},"canonical":"https:\/\/biojam.pt\/en\/join-us\/","og_locale":"en_GB","og_type":"article","og_title":"Join Us - Biojam Holding Group","og_url":"https:\/\/biojam.pt\/en\/join-us\/","og_site_name":"Biojam Holding Group","article_publisher":"https:\/\/www.facebook.com\/biojamholding","article_modified_time":"2022-03-17T16:24:50+00:00","twitter_card":"summary_large_image","schema":{"@context":"https:\/\/schema.org","@graph":[{"@type":"WebPage","@id":"https:\/\/biojam.pt\/join-us\/","url":"https:\/\/biojam.pt\/join-us\/","name":"Join Us - Biojam Holding Group","isPartOf":{"@id":"https:\/\/biojam.pt\/#website"},"datePublished":"2022-03-17T16:16:54+00:00","dateModified":"2022-03-17T16:24:50+00:00","breadcrumb":{"@id":"https:\/\/biojam.pt\/join-us\/#breadcrumb"},"inLanguage":"en-GB","potentialAction":[{"@type":"ReadAction","target":["https:\/\/biojam.pt\/join-us\/"]}]},{"@type":"BreadcrumbList","@id":"https:\/\/biojam.pt\/join-us\/#breadcrumb","itemListElement":[{"@type":"ListItem","position":1,"name":"In\u00edcio","item":"https:\/\/biojam.pt\/"},{"@type":"ListItem","position":2,"name":"Join Us"}]},{"@type":"WebSite","@id":"https:\/\/biojam.pt\/#website","url":"https:\/\/biojam.pt\/","name":"Biojam Holding Group","description":"Empresa farmac\u00eautica de refer\u00eancia na Pen\u00ednsula Ib\u00e9rica.","publisher":{"@id":"https:\/\/biojam.pt\/#organization"},"potentialAction":[{"@type":"SearchAction","target":{"@type":"EntryPoint","urlTemplate":"https:\/\/biojam.pt\/?s={search_term_string}"},"query-input":"required name=search_term_string"}],"inLanguage":"en-GB"},{"@type":"Organization","@id":"https:\/\/biojam.pt\/#organization","name":"Biojam Holding Group","url":"https:\/\/biojam.pt\/","logo":{"@type":"ImageObject","inLanguage":"en-GB","@id":"https:\/\/biojam.pt\/#\/schema\/logo\/image\/","url":"https:\/\/biojam.pt\/wp-content\/uploads\/2022\/05\/logotipo-biojam-L500px-02.png","contentUrl":"https:\/\/biojam.pt\/wp-content\/uploads\/2022\/05\/logotipo-biojam-L500px-02.png","width":501,"height":199,"caption":"Biojam Holding Group"},"image":{"@id":"https:\/\/biojam.pt\/#\/schema\/logo\/image\/"},"sameAs":["https:\/\/www.facebook.com\/biojamholding"]}]}},"_links":{"self":[{"href":"https:\/\/biojam.pt\/en\/wp-json\/wp\/v2\/pages\/4390","targetHints":{"allow":["GET"]}}],"collection":[{"href":"https:\/\/biojam.pt\/en\/wp-json\/wp\/v2\/pages"}],"about":[{"href":"https:\/\/biojam.pt\/en\/wp-json\/wp\/v2\/types\/page"}],"author":[{"embeddable":true,"href":"https:\/\/biojam.pt\/en\/wp-json\/wp\/v2\/users\/2"}],"replies":[{"embeddable":true,"href":"https:\/\/biojam.pt\/en\/wp-json\/wp\/v2\/comments?post=4390"}],"version-history":[{"count":3,"href":"https:\/\/biojam.pt\/en\/wp-json\/wp\/v2\/pages\/4390\/revisions"}],"predecessor-version":[{"id":4393,"href":"https:\/\/biojam.pt\/en\/wp-json\/wp\/v2\/pages\/4390\/revisions\/4393"}],"wp:attachment":[{"href":"https:\/\/biojam.pt\/en\/wp-json\/wp\/v2\/media?parent=4390"}],"curies":[{"name":"wp","href":"https:\/\/api.w.org\/{rel}","templated":true}]}}