{"id":5152,"date":"2022-05-17T10:10:10","date_gmt":"2022-05-17T10:10:10","guid":{"rendered":"https:\/\/biojam.pt\/?page_id=5152"},"modified":"2022-05-18T14:10:04","modified_gmt":"2022-05-18T14:10:04","slug":"quiz-3","status":"publish","type":"page","link":"https:\/\/biojam.pt\/en\/quiz-3\/","title":{"rendered":"Quiz"},"content":{"rendered":"<div class=\"row row-collapse row-full-width\"  id=\"row-1720652314\">\n\n\n\t<div id=\"col-535160566\" class=\"col small-12 large-12\"  >\n\t\t\t\t<div class=\"col-inner\" style=\"background-color:#0071bc;\" >\n\t\t\t\n\t\t\t\n\n\t<div id=\"gap-563870148\" class=\"gap-element clearfix\" style=\"display:block; height:auto;\">\n\t\t\n<style>\n#gap-563870148 {\n  padding-top: 2px;\n}\n<\/style>\n\t<\/div>\n\t\n\n\n\t\t<\/div>\n\t\t\t\t\t<\/div>\n\n\t\n\n\t<div id=\"col-1788758700\" class=\"col small-12 large-12\"  >\n\t\t\t\t<div class=\"col-inner\"  >\n\t\t\t\n\t\t\t\n\n\t<div id=\"gap-675553415\" class=\"gap-element clearfix\" style=\"display:block; height:auto;\">\n\t\t\n<style>\n#gap-675553415 {\n  padding-top: 100px;\n}\n<\/style>\n\t<\/div>\n\t\n\n\n\t\t<\/div>\n\t\t\t\t\t<\/div>\n\n\t\n\n<\/div>\n\t<section class=\"section\" id=\"section_212907976\">\n\t\t<div class=\"bg section-bg fill bg-fill  bg-loaded\" >\n\n\t\t\t\n\t\t\t\n\t\t\t\n\n\t\t<\/div>\n\n\t\t\n\n\t\t<div class=\"section-content relative\">\n\t\t\t\n\n<div class=\"row align-center\"  id=\"row-1291189623\">\n\n\n\t<div id=\"col-985820503\" class=\"col medium-4 small-12 large-4\"  >\n\t\t\t\t<div class=\"col-inner\"  >\n\t\t\t\n\t\t\t\n\n\t<div class=\"img has-hover x md-x lg-x y md-y lg-y\" id=\"image_1791145747\">\n\t\t\t\t\t\t\t\t<div class=\"img-inner dark\" >\n\t\t\t<img loading=\"lazy\" decoding=\"async\" width=\"532\" height=\"105\" src=\"https:\/\/biojam.pt\/wp-content\/uploads\/2022\/05\/Dropizale-logo-Pantone-1.png\" class=\"attachment-large size-large\" alt=\"\" \/>\t\t\t\t\t\t\n\t\t\t\t\t<\/div>\n\t\t\t\t\t\t\t\t\n<style>\n#image_1791145747 {\n  width: 100%;\n}\n<\/style>\n\t<\/div>\n\t\n\n\n\t\t<\/div>\n\t\t\t\t\t<\/div>\n\n\t\n\n<\/div>\n<div class=\"row row-collapse\"  id=\"row-481122718\">\n\n\n\t<div id=\"col-1061890241\" class=\"col small-12 large-12\"  >\n\t\t\t\t<div class=\"col-inner\"  >\n\t\t\t\n\t\t\t\n\n\t<div id=\"gap-821115969\" class=\"gap-element clearfix\" style=\"display:block; height:auto;\">\n\t\t\n<style>\n#gap-821115969 {\n  padding-top: 50px;\n}\n<\/style>\n\t<\/div>\n\t\n\n\n\n<p id=\"quiz\"><\/p>\n<p id=\"quiz-check\"><\/p>\n\n<script>\nvar num = Math.floor(Math.random() * 7);\nif (num == 0){\ndocument.getElementById(\"quiz\").innerHTML = '<label>Qual a subst\u00e2ncia ativa de Dropizale?<\/label><span class=\"quiz-respostas\"><span><label><input type=\"radio\" name=\"pergunta-1\" class=\"resposta-errada\" value=\"Morfina\">Morfina<\/label><\/span><span><label><input type=\"radio\" name=\"pergunta-1\" class=\"resposta-errada\" value=\"Tebaina\">Tebaina<\/label><\/span><span><label><input type=\"radio\" name=\"pergunta-1\" class=\"resposta-errada\" value=\"Loperamida\">Loperamida<\/label><\/span><span><label><input type=\"radio\" name=\"pergunta-1\" class=\"resposta-certa\" value=\"Tintura de \u00d3pio\">Tintura de \u00d3pio<\/label><\/span><\/span>';\n}else if (num == 1){\ndocument.getElementById(\"quiz\").innerHTML = '<label>Quantas tomas di\u00e1rias de Dropizale devem ser administradas?<\/label><span class=\"quiz-respostas\"><span><label><input type=\"radio\" name=\"pergunta-2\" class=\"resposta-errada\" value=\"1\/2 vezes\">1\/2 vezes<\/label><\/span><span><label><input type=\"radio\" name=\"pergunta-2\" class=\"resposta-certa\" value=\"2\/3 vezes\">2\/3 vezes<\/label><\/span><span><label><input type=\"radio\" name=\"pergunta-2\" class=\"resposta-errada\" value=\"3\/4 vezes\">3\/4 vezes<\/label><\/span><span><label><input type=\"radio\" name=\"pergunta-2\" class=\"resposta-errada\" value=\"4\/5 vezes\">4\/5 vezes<\/label><\/span><\/span>';\n}else if (num == 2){\ndocument.getElementById(\"quiz\").innerHTML = '<label>A dose recomendada de Dropizale \u00e9:<\/label><span class=\"quiz-respostas\"><span><label><input type=\"radio\" name=\"pergunta-3\" class=\"resposta-certa\" value=\"5-10 gotas\">5-10 gotas<\/label><\/span><span><label><input type=\"radio\" name=\"pergunta-3\" class=\"resposta-errada\" value=\"10-15 gotas\">10-15 gotas<\/label><\/span><span><label><input type=\"radio\" name=\"pergunta-3\" class=\"resposta-errada\" value=\"15-20 gotas\">15-20 gotas<\/label><\/span><span><label><input type=\"radio\" name=\"pergunta-3\" class=\"resposta-errada\" value=\"20-25 gotas\">20-25 gotas<\/label><\/span><\/span>';\n}else if (num == 3){\ndocument.getElementById(\"quiz\").innerHTML = '<label>De acordo com a classifica\u00e7\u00e3o da diarreia, no grau 2, quantas deje\u00e7\u00f5es di\u00e1rias poder\u00e1 ter o doente?<\/label><span class=\"quiz-respostas\"><span><label><input type=\"radio\" name=\"pergunta-4\" class=\"resposta-errada\" value=\"2-3\">2-3<\/label><\/span><span><label><input type=\"radio\" name=\"pergunta-4\" class=\"resposta-errada\" value=\"<= 4\"><= 4<\/label><\/span><span><label><input type=\"radio\" name=\"pergunta-4\" class=\"resposta-certa\" value=\"4-6\">4-6<\/label><\/span><span><label><input type=\"radio\" name=\"pergunta-4\" class=\"resposta-errada\" value=\"> 7\">> 7<\/label><\/span><\/span>';\n}else if (num == 4){\ndocument.getElementById(\"quiz\").innerHTML = '<label>Qual a quantidade de morfina que cont\u00e9m Dropizale, se o doente fizer 30 gotas di\u00e1rias?<\/label><span class=\"quiz-respostas\"><span><label><input type=\"radio\" name=\"pergunta-5\" class=\"resposta-errada\" value=\"10mg\">10mg<\/label><\/span><span><label><input type=\"radio\" name=\"pergunta-5\" class=\"resposta-certa\" value=\"15mg\">15mg<\/label><\/span><span><label><input type=\"radio\" name=\"pergunta-5\" class=\"resposta-errada\" value=\"20mg\">20mg<\/label><\/span><span><label><input type=\"radio\" name=\"pergunta-5\" class=\"resposta-errada\" value=\"25mg\">25mg<\/label><\/span><\/span>';\n}else if (num == 5){\ndocument.getElementById(\"quiz\").innerHTML = '<label>Durante quanto tempo seguido se pode fazer Dropizale?<\/label><span class=\"quiz-respostas\"><span><label><input type=\"radio\" name=\"pergunta-6\" class=\"resposta-errada\" value=\"1 ano\">1 ano<\/label><\/span><span><label><input type=\"radio\" name=\"pergunta-6\" class=\"resposta-certa\" value=\"6 meses\">6 meses<\/label><\/span><span><label><input type=\"radio\" name=\"pergunta-6\" class=\"resposta-errada\" value=\"2 anos\">2 anos<\/label><\/span><span><label><input type=\"radio\" name=\"pergunta-6\" class=\"resposta-errada\" value=\"8 meses\">8 meses<\/label><\/span><\/span>';\n}else if (num == 6){\ndocument.getElementById(\"quiz\").innerHTML = '<label>Em que situa\u00e7\u00e3o pode utilizar Dropizale?<\/label><span class=\"quiz-respostas\"><span><label><input type=\"radio\" name=\"pergunta-7\" class=\"resposta-errada\" value=\"Diarreia Ligeira\">Diarreia Ligeira<\/label><\/span><span><label><input type=\"radio\" name=\"pergunta-7\" class=\"resposta-errada\" value=\"Na Dor\">Na Dor<\/label><\/span><span><label><input type=\"radio\" name=\"pergunta-7\" class=\"resposta-errada\" value=\"Obstipa\u00e7\u00e3o\">Obstipa\u00e7\u00e3o<\/label><\/span><span><label><input type=\"radio\" name=\"pergunta-7\" class=\"resposta-certa\" value=\"\">Diarreia Severa a moderada<\/label><\/span><\/span>';\n}\n\n\n        const radiocertos = document.querySelectorAll('input[class=\"resposta-certa\"]');\n        for(const radiocerto of radiocertos){\n            radiocerto.addEventListener('change', SelectCerto);\n        }\n\n        function SelectCerto(e) {\n            console.log(e);\n            if (this.checked) {\n                document.querySelector('#quiz-check').innerHTML = `<span class=\"quiz-certo\">${this.value} est\u00e1 certo.<\/span><br><button onClick=\"location.href='https:\/\/biojam.pt\/quiz-3\/';\">Nova Pergunta<\/button><span>&nbsp;<\/span><button onClick=\"location.href='https:\/\/biojam.pt\/quiz\/';\">Voltar ao In\u00edcio<\/button>`;\n            }\n        }\n\n        const radioErrados = document.querySelectorAll('input[class=\"resposta-errada\"]');\n        for(const radioErrado of radioErrados){\n            radioErrado.addEventListener('change', SelectErrado);\n        }\n        \n        function SelectErrado(e) {\n            console.log(e);\n            if (this.checked) {\n                document.querySelector('#quiz-check').innerHTML = `<span class=\"quiz-errado\">${this.value} est\u00e1 errado. Tente novamente.<\/span>`;\n            }\n        }\n<\/script>\n\n\n\t\t<\/div>\n\t\t\t\t\t<\/div>\n\n\t\n\n<\/div>\n\n\t\t<\/div>\n\n\t\t\n<style>\n#section_212907976 {\n  padding-top: 30px;\n  padding-bottom: 30px;\n}\n<\/style>\n\t<\/section>","protected":false},"excerpt":{"rendered":"","protected":false},"author":2,"featured_media":0,"parent":0,"menu_order":0,"comment_status":"closed","ping_status":"closed","template":"page-blank.php","meta":{"inline_featured_image":false,"footnotes":""},"class_list":["post-5152","page","type-page","status-publish","hentry"],"yoast_head":"<!-- This site is optimized with the Yoast SEO plugin v22.7 - https:\/\/yoast.com\/wordpress\/plugins\/seo\/ -->\n<title>Quiz - Biojam Holding Group<\/title>\n<meta name=\"robots\" content=\"index, follow, max-snippet:-1, max-image-preview:large, max-video-preview:-1\" \/>\n<link rel=\"canonical\" href=\"https:\/\/biojam.pt\/en\/quiz-3\/\" \/>\n<meta property=\"og:locale\" content=\"en_GB\" \/>\n<meta property=\"og:type\" content=\"article\" \/>\n<meta property=\"og:title\" content=\"Quiz - Biojam Holding Group\" \/>\n<meta property=\"og:url\" content=\"https:\/\/biojam.pt\/en\/quiz-3\/\" \/>\n<meta property=\"og:site_name\" content=\"Biojam Holding Group\" \/>\n<meta property=\"article:publisher\" content=\"https:\/\/www.facebook.com\/biojamholding\" \/>\n<meta property=\"article:modified_time\" content=\"2022-05-18T14:10:04+00:00\" \/>\n<meta name=\"twitter:card\" content=\"summary_large_image\" \/>\n<script type=\"application\/ld+json\" class=\"yoast-schema-graph\">{\"@context\":\"https:\/\/schema.org\",\"@graph\":[{\"@type\":\"WebPage\",\"@id\":\"https:\/\/biojam.pt\/quiz-3\/\",\"url\":\"https:\/\/biojam.pt\/quiz-3\/\",\"name\":\"Quiz - Biojam Holding Group\",\"isPartOf\":{\"@id\":\"https:\/\/biojam.pt\/#website\"},\"datePublished\":\"2022-05-17T10:10:10+00:00\",\"dateModified\":\"2022-05-18T14:10:04+00:00\",\"breadcrumb\":{\"@id\":\"https:\/\/biojam.pt\/quiz-3\/#breadcrumb\"},\"inLanguage\":\"en-GB\",\"potentialAction\":[{\"@type\":\"ReadAction\",\"target\":[\"https:\/\/biojam.pt\/quiz-3\/\"]}]},{\"@type\":\"BreadcrumbList\",\"@id\":\"https:\/\/biojam.pt\/quiz-3\/#breadcrumb\",\"itemListElement\":[{\"@type\":\"ListItem\",\"position\":1,\"name\":\"In\u00edcio\",\"item\":\"https:\/\/biojam.pt\/\"},{\"@type\":\"ListItem\",\"position\":2,\"name\":\"Quiz\"}]},{\"@type\":\"WebSite\",\"@id\":\"https:\/\/biojam.pt\/#website\",\"url\":\"https:\/\/biojam.pt\/\",\"name\":\"Biojam Holding Group\",\"description\":\"Empresa farmac\u00eautica de refer\u00eancia na Pen\u00ednsula Ib\u00e9rica.\",\"publisher\":{\"@id\":\"https:\/\/biojam.pt\/#organization\"},\"potentialAction\":[{\"@type\":\"SearchAction\",\"target\":{\"@type\":\"EntryPoint\",\"urlTemplate\":\"https:\/\/biojam.pt\/?s={search_term_string}\"},\"query-input\":\"required name=search_term_string\"}],\"inLanguage\":\"en-GB\"},{\"@type\":\"Organization\",\"@id\":\"https:\/\/biojam.pt\/#organization\",\"name\":\"Biojam Holding Group\",\"url\":\"https:\/\/biojam.pt\/\",\"logo\":{\"@type\":\"ImageObject\",\"inLanguage\":\"en-GB\",\"@id\":\"https:\/\/biojam.pt\/#\/schema\/logo\/image\/\",\"url\":\"https:\/\/biojam.pt\/wp-content\/uploads\/2022\/05\/logotipo-biojam-L500px-02.png\",\"contentUrl\":\"https:\/\/biojam.pt\/wp-content\/uploads\/2022\/05\/logotipo-biojam-L500px-02.png\",\"width\":501,\"height\":199,\"caption\":\"Biojam Holding Group\"},\"image\":{\"@id\":\"https:\/\/biojam.pt\/#\/schema\/logo\/image\/\"},\"sameAs\":[\"https:\/\/www.facebook.com\/biojamholding\"]}]}<\/script>\n<!-- \/ Yoast SEO plugin. -->","yoast_head_json":{"title":"Quiz - Biojam Holding Group","robots":{"index":"index","follow":"follow","max-snippet":"max-snippet:-1","max-image-preview":"max-image-preview:large","max-video-preview":"max-video-preview:-1"},"canonical":"https:\/\/biojam.pt\/en\/quiz-3\/","og_locale":"en_GB","og_type":"article","og_title":"Quiz - Biojam Holding Group","og_url":"https:\/\/biojam.pt\/en\/quiz-3\/","og_site_name":"Biojam Holding Group","article_publisher":"https:\/\/www.facebook.com\/biojamholding","article_modified_time":"2022-05-18T14:10:04+00:00","twitter_card":"summary_large_image","schema":{"@context":"https:\/\/schema.org","@graph":[{"@type":"WebPage","@id":"https:\/\/biojam.pt\/quiz-3\/","url":"https:\/\/biojam.pt\/quiz-3\/","name":"Quiz - Biojam Holding Group","isPartOf":{"@id":"https:\/\/biojam.pt\/#website"},"datePublished":"2022-05-17T10:10:10+00:00","dateModified":"2022-05-18T14:10:04+00:00","breadcrumb":{"@id":"https:\/\/biojam.pt\/quiz-3\/#breadcrumb"},"inLanguage":"en-GB","potentialAction":[{"@type":"ReadAction","target":["https:\/\/biojam.pt\/quiz-3\/"]}]},{"@type":"BreadcrumbList","@id":"https:\/\/biojam.pt\/quiz-3\/#breadcrumb","itemListElement":[{"@type":"ListItem","position":1,"name":"In\u00edcio","item":"https:\/\/biojam.pt\/"},{"@type":"ListItem","position":2,"name":"Quiz"}]},{"@type":"WebSite","@id":"https:\/\/biojam.pt\/#website","url":"https:\/\/biojam.pt\/","name":"Biojam Holding Group","description":"Empresa farmac\u00eautica de refer\u00eancia na Pen\u00ednsula Ib\u00e9rica.","publisher":{"@id":"https:\/\/biojam.pt\/#organization"},"potentialAction":[{"@type":"SearchAction","target":{"@type":"EntryPoint","urlTemplate":"https:\/\/biojam.pt\/?s={search_term_string}"},"query-input":"required name=search_term_string"}],"inLanguage":"en-GB"},{"@type":"Organization","@id":"https:\/\/biojam.pt\/#organization","name":"Biojam Holding Group","url":"https:\/\/biojam.pt\/","logo":{"@type":"ImageObject","inLanguage":"en-GB","@id":"https:\/\/biojam.pt\/#\/schema\/logo\/image\/","url":"https:\/\/biojam.pt\/wp-content\/uploads\/2022\/05\/logotipo-biojam-L500px-02.png","contentUrl":"https:\/\/biojam.pt\/wp-content\/uploads\/2022\/05\/logotipo-biojam-L500px-02.png","width":501,"height":199,"caption":"Biojam Holding Group"},"image":{"@id":"https:\/\/biojam.pt\/#\/schema\/logo\/image\/"},"sameAs":["https:\/\/www.facebook.com\/biojamholding"]}]}},"_links":{"self":[{"href":"https:\/\/biojam.pt\/en\/wp-json\/wp\/v2\/pages\/5152","targetHints":{"allow":["GET"]}}],"collection":[{"href":"https:\/\/biojam.pt\/en\/wp-json\/wp\/v2\/pages"}],"about":[{"href":"https:\/\/biojam.pt\/en\/wp-json\/wp\/v2\/types\/page"}],"author":[{"embeddable":true,"href":"https:\/\/biojam.pt\/en\/wp-json\/wp\/v2\/users\/2"}],"replies":[{"embeddable":true,"href":"https:\/\/biojam.pt\/en\/wp-json\/wp\/v2\/comments?post=5152"}],"version-history":[{"count":30,"href":"https:\/\/biojam.pt\/en\/wp-json\/wp\/v2\/pages\/5152\/revisions"}],"predecessor-version":[{"id":5238,"href":"https:\/\/biojam.pt\/en\/wp-json\/wp\/v2\/pages\/5152\/revisions\/5238"}],"wp:attachment":[{"href":"https:\/\/biojam.pt\/en\/wp-json\/wp\/v2\/media?parent=5152"}],"curies":[{"name":"wp","href":"https:\/\/api.w.org\/{rel}","templated":true}]}}