{"id":6192,"date":"2024-03-27T14:51:58","date_gmt":"2024-03-27T14:51:58","guid":{"rendered":"https:\/\/biojam.pt\/?post_type=product&#038;p=6192"},"modified":"2024-04-18T08:26:56","modified_gmt":"2024-04-18T08:26:56","slug":"terlipressina-ever-pharma-1-mg","status":"publish","type":"product","link":"https:\/\/biojam.pt\/en\/product\/terlipressina-ever-pharma-1-mg\/","title":{"rendered":"Terlipressina EVER Pharma 1 mg"},"content":{"rendered":"","protected":false},"excerpt":{"rendered":"<a href=\"https:\/\/biojam.pt\/wp-content\/uploads\/2022\/04\/Terlipressina-RCM.pdf\" class=\"button primary is-is-outline primary is-medium\"  >\n    <span>SMPC<\/span>\n  <\/a>\n <a href=\"https:\/\/biojam.pt\/wp-content\/uploads\/2022\/04\/Terlipressina-FI.pdf\" class=\"button primary is-is-outline primary is-medium\"  >\n    <span>PIL<\/span>\n  <\/a>","protected":false},"featured_media":6195,"template":"","meta":{"inline_featured_image":false},"product_cat":[250],"product_tag":[231],"class_list":{"0":"post-6192","1":"product","2":"type-product","3":"status-publish","4":"has-post-thumbnail","6":"product_cat-vascular","7":"product_tag-biojam-pharma-portugal","8":"pa_tipo-de-produto-medicamento","10":"first","11":"instock","12":"shipping-taxable","13":"product-type-simple"},"yoast_head":"<!-- This site is optimized with the Yoast SEO plugin v22.7 - https:\/\/yoast.com\/wordpress\/plugins\/seo\/ -->\n<title>Terlipressina EVER Pharma 1 mg - Biojam Holding Group<\/title>\n<meta name=\"robots\" content=\"index, follow, max-snippet:-1, max-image-preview:large, max-video-preview:-1\" \/>\n<link rel=\"canonical\" href=\"https:\/\/biojam.pt\/en\/product\/terlipressina-ever-pharma-1-mg\/\" \/>\n<meta property=\"og:locale\" content=\"en_GB\" \/>\n<meta property=\"og:type\" content=\"article\" \/>\n<meta property=\"og:title\" content=\"Terlipressina EVER Pharma 1 mg - Biojam Holding Group\" \/>\n<meta property=\"og:url\" content=\"https:\/\/biojam.pt\/en\/product\/terlipressina-ever-pharma-1-mg\/\" \/>\n<meta property=\"og:site_name\" content=\"Biojam Holding Group\" \/>\n<meta property=\"article:publisher\" content=\"https:\/\/www.facebook.com\/biojamholding\" \/>\n<meta property=\"article:modified_time\" content=\"2024-04-18T08:26:56+00:00\" \/>\n<meta property=\"og:image\" content=\"https:\/\/biojam.pt\/wp-content\/uploads\/Terlipressina-EVER-Pharma-1-mg.png\" \/>\n\t<meta property=\"og:image:width\" content=\"1251\" \/>\n\t<meta property=\"og:image:height\" content=\"1250\" \/>\n\t<meta property=\"og:image:type\" content=\"image\/png\" \/>\n<meta name=\"twitter:card\" content=\"summary_large_image\" \/>\n<meta name=\"twitter:label1\" content=\"Estimated reading time\" \/>\n\t<meta name=\"twitter:data1\" content=\"1 minute\" \/>\n<script type=\"application\/ld+json\" class=\"yoast-schema-graph\">{\"@context\":\"https:\/\/schema.org\",\"@graph\":[{\"@type\":\"WebPage\",\"@id\":\"https:\/\/biojam.pt\/product\/terlipressina-ever-pharma-1-mg\/\",\"url\":\"https:\/\/biojam.pt\/product\/terlipressina-ever-pharma-1-mg\/\",\"name\":\"Terlipressina EVER Pharma 1 mg - Biojam Holding Group\",\"isPartOf\":{\"@id\":\"https:\/\/biojam.pt\/#website\"},\"primaryImageOfPage\":{\"@id\":\"https:\/\/biojam.pt\/product\/terlipressina-ever-pharma-1-mg\/#primaryimage\"},\"image\":{\"@id\":\"https:\/\/biojam.pt\/product\/terlipressina-ever-pharma-1-mg\/#primaryimage\"},\"thumbnailUrl\":\"https:\/\/biojam.pt\/wp-content\/uploads\/Terlipressina-EVER-Pharma-1-mg.png\",\"datePublished\":\"2024-03-27T14:51:58+00:00\",\"dateModified\":\"2024-04-18T08:26:56+00:00\",\"breadcrumb\":{\"@id\":\"https:\/\/biojam.pt\/product\/terlipressina-ever-pharma-1-mg\/#breadcrumb\"},\"inLanguage\":\"en-GB\",\"potentialAction\":[{\"@type\":\"ReadAction\",\"target\":[\"https:\/\/biojam.pt\/product\/terlipressina-ever-pharma-1-mg\/\"]}]},{\"@type\":\"ImageObject\",\"inLanguage\":\"en-GB\",\"@id\":\"https:\/\/biojam.pt\/product\/terlipressina-ever-pharma-1-mg\/#primaryimage\",\"url\":\"https:\/\/biojam.pt\/wp-content\/uploads\/Terlipressina-EVER-Pharma-1-mg.png\",\"contentUrl\":\"https:\/\/biojam.pt\/wp-content\/uploads\/Terlipressina-EVER-Pharma-1-mg.png\",\"width\":1251,\"height\":1250},{\"@type\":\"BreadcrumbList\",\"@id\":\"https:\/\/biojam.pt\/product\/terlipressina-ever-pharma-1-mg\/#breadcrumb\",\"itemListElement\":[{\"@type\":\"ListItem\",\"position\":1,\"name\":\"In\u00edcio\",\"item\":\"https:\/\/biojam.pt\/\"},{\"@type\":\"ListItem\",\"position\":2,\"name\":\"Produtos\",\"item\":\"https:\/\/biojam.pt\/shop\/\"},{\"@type\":\"ListItem\",\"position\":3,\"name\":\"Terlipressina EVER Pharma 1 mg\"}]},{\"@type\":\"WebSite\",\"@id\":\"https:\/\/biojam.pt\/#website\",\"url\":\"https:\/\/biojam.pt\/\",\"name\":\"Biojam Holding Group\",\"description\":\"Empresa farmac\u00eautica de refer\u00eancia na Pen\u00ednsula Ib\u00e9rica.\",\"publisher\":{\"@id\":\"https:\/\/biojam.pt\/#organization\"},\"potentialAction\":[{\"@type\":\"SearchAction\",\"target\":{\"@type\":\"EntryPoint\",\"urlTemplate\":\"https:\/\/biojam.pt\/?s={search_term_string}\"},\"query-input\":\"required name=search_term_string\"}],\"inLanguage\":\"en-GB\"},{\"@type\":\"Organization\",\"@id\":\"https:\/\/biojam.pt\/#organization\",\"name\":\"Biojam Holding Group\",\"url\":\"https:\/\/biojam.pt\/\",\"logo\":{\"@type\":\"ImageObject\",\"inLanguage\":\"en-GB\",\"@id\":\"https:\/\/biojam.pt\/#\/schema\/logo\/image\/\",\"url\":\"https:\/\/biojam.pt\/wp-content\/uploads\/2022\/05\/logotipo-biojam-L500px-02.png\",\"contentUrl\":\"https:\/\/biojam.pt\/wp-content\/uploads\/2022\/05\/logotipo-biojam-L500px-02.png\",\"width\":501,\"height\":199,\"caption\":\"Biojam Holding Group\"},\"image\":{\"@id\":\"https:\/\/biojam.pt\/#\/schema\/logo\/image\/\"},\"sameAs\":[\"https:\/\/www.facebook.com\/biojamholding\"]}]}<\/script>\n<!-- \/ Yoast SEO plugin. -->","yoast_head_json":{"title":"Terlipressina EVER Pharma 1 mg - Biojam Holding Group","robots":{"index":"index","follow":"follow","max-snippet":"max-snippet:-1","max-image-preview":"max-image-preview:large","max-video-preview":"max-video-preview:-1"},"canonical":"https:\/\/biojam.pt\/en\/product\/terlipressina-ever-pharma-1-mg\/","og_locale":"en_GB","og_type":"article","og_title":"Terlipressina EVER Pharma 1 mg - Biojam Holding Group","og_url":"https:\/\/biojam.pt\/en\/product\/terlipressina-ever-pharma-1-mg\/","og_site_name":"Biojam Holding Group","article_publisher":"https:\/\/www.facebook.com\/biojamholding","article_modified_time":"2024-04-18T08:26:56+00:00","og_image":[{"width":1251,"height":1250,"url":"https:\/\/biojam.pt\/wp-content\/uploads\/Terlipressina-EVER-Pharma-1-mg.png","type":"image\/png"}],"twitter_card":"summary_large_image","twitter_misc":{"Estimated reading time":"1 minute"},"schema":{"@context":"https:\/\/schema.org","@graph":[{"@type":"WebPage","@id":"https:\/\/biojam.pt\/product\/terlipressina-ever-pharma-1-mg\/","url":"https:\/\/biojam.pt\/product\/terlipressina-ever-pharma-1-mg\/","name":"Terlipressina EVER Pharma 1 mg - Biojam Holding Group","isPartOf":{"@id":"https:\/\/biojam.pt\/#website"},"primaryImageOfPage":{"@id":"https:\/\/biojam.pt\/product\/terlipressina-ever-pharma-1-mg\/#primaryimage"},"image":{"@id":"https:\/\/biojam.pt\/product\/terlipressina-ever-pharma-1-mg\/#primaryimage"},"thumbnailUrl":"https:\/\/biojam.pt\/wp-content\/uploads\/Terlipressina-EVER-Pharma-1-mg.png","datePublished":"2024-03-27T14:51:58+00:00","dateModified":"2024-04-18T08:26:56+00:00","breadcrumb":{"@id":"https:\/\/biojam.pt\/product\/terlipressina-ever-pharma-1-mg\/#breadcrumb"},"inLanguage":"en-GB","potentialAction":[{"@type":"ReadAction","target":["https:\/\/biojam.pt\/product\/terlipressina-ever-pharma-1-mg\/"]}]},{"@type":"ImageObject","inLanguage":"en-GB","@id":"https:\/\/biojam.pt\/product\/terlipressina-ever-pharma-1-mg\/#primaryimage","url":"https:\/\/biojam.pt\/wp-content\/uploads\/Terlipressina-EVER-Pharma-1-mg.png","contentUrl":"https:\/\/biojam.pt\/wp-content\/uploads\/Terlipressina-EVER-Pharma-1-mg.png","width":1251,"height":1250},{"@type":"BreadcrumbList","@id":"https:\/\/biojam.pt\/product\/terlipressina-ever-pharma-1-mg\/#breadcrumb","itemListElement":[{"@type":"ListItem","position":1,"name":"In\u00edcio","item":"https:\/\/biojam.pt\/"},{"@type":"ListItem","position":2,"name":"Produtos","item":"https:\/\/biojam.pt\/shop\/"},{"@type":"ListItem","position":3,"name":"Terlipressina EVER Pharma 1 mg"}]},{"@type":"WebSite","@id":"https:\/\/biojam.pt\/#website","url":"https:\/\/biojam.pt\/","name":"Biojam Holding Group","description":"Empresa farmac\u00eautica de refer\u00eancia na Pen\u00ednsula Ib\u00e9rica.","publisher":{"@id":"https:\/\/biojam.pt\/#organization"},"potentialAction":[{"@type":"SearchAction","target":{"@type":"EntryPoint","urlTemplate":"https:\/\/biojam.pt\/?s={search_term_string}"},"query-input":"required name=search_term_string"}],"inLanguage":"en-GB"},{"@type":"Organization","@id":"https:\/\/biojam.pt\/#organization","name":"Biojam Holding Group","url":"https:\/\/biojam.pt\/","logo":{"@type":"ImageObject","inLanguage":"en-GB","@id":"https:\/\/biojam.pt\/#\/schema\/logo\/image\/","url":"https:\/\/biojam.pt\/wp-content\/uploads\/2022\/05\/logotipo-biojam-L500px-02.png","contentUrl":"https:\/\/biojam.pt\/wp-content\/uploads\/2022\/05\/logotipo-biojam-L500px-02.png","width":501,"height":199,"caption":"Biojam Holding Group"},"image":{"@id":"https:\/\/biojam.pt\/#\/schema\/logo\/image\/"},"sameAs":["https:\/\/www.facebook.com\/biojamholding"]}]}},"_links":{"self":[{"href":"https:\/\/biojam.pt\/en\/wp-json\/wp\/v2\/product\/6192","targetHints":{"allow":["GET"]}}],"collection":[{"href":"https:\/\/biojam.pt\/en\/wp-json\/wp\/v2\/product"}],"about":[{"href":"https:\/\/biojam.pt\/en\/wp-json\/wp\/v2\/types\/product"}],"wp:featuredmedia":[{"embeddable":true,"href":"https:\/\/biojam.pt\/en\/wp-json\/wp\/v2\/media\/6195"}],"wp:attachment":[{"href":"https:\/\/biojam.pt\/en\/wp-json\/wp\/v2\/media?parent=6192"}],"wp:term":[{"taxonomy":"product_cat","embeddable":true,"href":"https:\/\/biojam.pt\/en\/wp-json\/wp\/v2\/product_cat?post=6192"},{"taxonomy":"product_tag","embeddable":true,"href":"https:\/\/biojam.pt\/en\/wp-json\/wp\/v2\/product_tag?post=6192"}],"curies":[{"name":"wp","href":"https:\/\/api.w.org\/{rel}","templated":true}]}}