{"id":6265,"date":"2024-03-28T14:21:01","date_gmt":"2024-03-28T14:21:01","guid":{"rendered":"https:\/\/biojam.pt\/?post_type=product&#038;p=6265"},"modified":"2024-04-18T09:47:57","modified_gmt":"2024-04-18T09:47:57","slug":"vitamina-d3","status":"publish","type":"product","link":"https:\/\/biojam.pt\/en\/product\/vitamina-d3\/","title":{"rendered":"Vitamin D3"},"content":{"rendered":"","protected":false},"excerpt":{"rendered":"<a href=\"https:\/\/biojam.pt\/wp-content\/uploads\/ficha-tecnica-VITAM-D3-site-PT.pdf\" class=\"button primary is-is-outline primary is-medium\"  >\n    <span>Booklet<\/span>\n  <\/a>","protected":false},"featured_media":6266,"template":"","meta":{"inline_featured_image":false},"product_cat":[240],"product_tag":[237],"class_list":{"0":"post-6265","1":"product","2":"type-product","3":"status-publish","4":"has-post-thumbnail","6":"product_cat-suplementos-alimentares","7":"product_tag-genojam","8":"pa_tipo-de-produto-suplemento-alimentar","10":"first","11":"instock","12":"shipping-taxable","13":"product-type-simple"},"yoast_head":"<!-- This site is optimized with the Yoast SEO plugin v22.7 - https:\/\/yoast.com\/wordpress\/plugins\/seo\/ -->\n<title>Vitamina D3 - Biojam Holding Group<\/title>\n<meta name=\"robots\" content=\"index, follow, max-snippet:-1, max-image-preview:large, max-video-preview:-1\" \/>\n<link rel=\"canonical\" href=\"https:\/\/biojam.pt\/en\/product\/vitamina-d3\/\" \/>\n<meta property=\"og:locale\" content=\"en_GB\" \/>\n<meta property=\"og:type\" content=\"article\" \/>\n<meta property=\"og:title\" content=\"Vitamina D3 - Biojam Holding Group\" \/>\n<meta property=\"og:url\" content=\"https:\/\/biojam.pt\/en\/product\/vitamina-d3\/\" \/>\n<meta property=\"og:site_name\" content=\"Biojam Holding Group\" \/>\n<meta property=\"article:publisher\" content=\"https:\/\/www.facebook.com\/biojamholding\" \/>\n<meta property=\"article:modified_time\" content=\"2024-04-18T09:47:57+00:00\" \/>\n<meta property=\"og:image\" content=\"https:\/\/biojam.pt\/wp-content\/uploads\/VitaminaD3-800x800.png\" \/>\n\t<meta property=\"og:image:width\" content=\"800\" \/>\n\t<meta property=\"og:image:height\" content=\"800\" \/>\n\t<meta property=\"og:image:type\" content=\"image\/png\" \/>\n<meta name=\"twitter:card\" content=\"summary_large_image\" \/>\n<meta name=\"twitter:description\" content=\"[button size=&quot;medium&quot; style=&quot;is-outline primary&quot; text=&quot;Brochura&quot; link=&quot;https:\/\/biojam.pt\/wp-content\/uploads\/ficha-tecnica-VITAM-D3-site-PT.pdf&quot; target=&quot;&quot;]\" \/>\n<meta name=\"twitter:label1\" content=\"Estimated reading time\" \/>\n\t<meta name=\"twitter:data1\" content=\"1 minute\" \/>\n<script type=\"application\/ld+json\" class=\"yoast-schema-graph\">{\"@context\":\"https:\/\/schema.org\",\"@graph\":[{\"@type\":\"WebPage\",\"@id\":\"https:\/\/biojam.pt\/product\/vitamina-d3\/\",\"url\":\"https:\/\/biojam.pt\/product\/vitamina-d3\/\",\"name\":\"Vitamina D3 - Biojam Holding Group\",\"isPartOf\":{\"@id\":\"https:\/\/biojam.pt\/#website\"},\"primaryImageOfPage\":{\"@id\":\"https:\/\/biojam.pt\/product\/vitamina-d3\/#primaryimage\"},\"image\":{\"@id\":\"https:\/\/biojam.pt\/product\/vitamina-d3\/#primaryimage\"},\"thumbnailUrl\":\"https:\/\/biojam.pt\/wp-content\/uploads\/VitaminaD3.png\",\"datePublished\":\"2024-03-28T14:21:01+00:00\",\"dateModified\":\"2024-04-18T09:47:57+00:00\",\"breadcrumb\":{\"@id\":\"https:\/\/biojam.pt\/product\/vitamina-d3\/#breadcrumb\"},\"inLanguage\":\"en-GB\",\"potentialAction\":[{\"@type\":\"ReadAction\",\"target\":[\"https:\/\/biojam.pt\/product\/vitamina-d3\/\"]}]},{\"@type\":\"ImageObject\",\"inLanguage\":\"en-GB\",\"@id\":\"https:\/\/biojam.pt\/product\/vitamina-d3\/#primaryimage\",\"url\":\"https:\/\/biojam.pt\/wp-content\/uploads\/VitaminaD3.png\",\"contentUrl\":\"https:\/\/biojam.pt\/wp-content\/uploads\/VitaminaD3.png\",\"width\":2420,\"height\":2420},{\"@type\":\"BreadcrumbList\",\"@id\":\"https:\/\/biojam.pt\/product\/vitamina-d3\/#breadcrumb\",\"itemListElement\":[{\"@type\":\"ListItem\",\"position\":1,\"name\":\"In\u00edcio\",\"item\":\"https:\/\/biojam.pt\/\"},{\"@type\":\"ListItem\",\"position\":2,\"name\":\"Produtos\",\"item\":\"https:\/\/biojam.pt\/shop\/\"},{\"@type\":\"ListItem\",\"position\":3,\"name\":\"Vitamina D3\"}]},{\"@type\":\"WebSite\",\"@id\":\"https:\/\/biojam.pt\/#website\",\"url\":\"https:\/\/biojam.pt\/\",\"name\":\"Biojam Holding Group\",\"description\":\"Empresa farmac\u00eautica de refer\u00eancia na Pen\u00ednsula Ib\u00e9rica.\",\"publisher\":{\"@id\":\"https:\/\/biojam.pt\/#organization\"},\"potentialAction\":[{\"@type\":\"SearchAction\",\"target\":{\"@type\":\"EntryPoint\",\"urlTemplate\":\"https:\/\/biojam.pt\/?s={search_term_string}\"},\"query-input\":\"required name=search_term_string\"}],\"inLanguage\":\"en-GB\"},{\"@type\":\"Organization\",\"@id\":\"https:\/\/biojam.pt\/#organization\",\"name\":\"Biojam Holding Group\",\"url\":\"https:\/\/biojam.pt\/\",\"logo\":{\"@type\":\"ImageObject\",\"inLanguage\":\"en-GB\",\"@id\":\"https:\/\/biojam.pt\/#\/schema\/logo\/image\/\",\"url\":\"https:\/\/biojam.pt\/wp-content\/uploads\/2022\/05\/logotipo-biojam-L500px-02.png\",\"contentUrl\":\"https:\/\/biojam.pt\/wp-content\/uploads\/2022\/05\/logotipo-biojam-L500px-02.png\",\"width\":501,\"height\":199,\"caption\":\"Biojam Holding Group\"},\"image\":{\"@id\":\"https:\/\/biojam.pt\/#\/schema\/logo\/image\/\"},\"sameAs\":[\"https:\/\/www.facebook.com\/biojamholding\"]}]}<\/script>\n<!-- \/ Yoast SEO plugin. -->","yoast_head_json":{"title":"Vitamina D3 - Biojam Holding Group","robots":{"index":"index","follow":"follow","max-snippet":"max-snippet:-1","max-image-preview":"max-image-preview:large","max-video-preview":"max-video-preview:-1"},"canonical":"https:\/\/biojam.pt\/en\/product\/vitamina-d3\/","og_locale":"en_GB","og_type":"article","og_title":"Vitamina D3 - Biojam Holding Group","og_url":"https:\/\/biojam.pt\/en\/product\/vitamina-d3\/","og_site_name":"Biojam Holding Group","article_publisher":"https:\/\/www.facebook.com\/biojamholding","article_modified_time":"2024-04-18T09:47:57+00:00","og_image":[{"width":800,"height":800,"url":"https:\/\/biojam.pt\/wp-content\/uploads\/VitaminaD3-800x800.png","type":"image\/png"}],"twitter_card":"summary_large_image","twitter_description":"[button size=\"medium\" style=\"is-outline primary\" text=\"Brochura\" link=\"https:\/\/biojam.pt\/wp-content\/uploads\/ficha-tecnica-VITAM-D3-site-PT.pdf\" target=\"\"]","twitter_misc":{"Estimated reading time":"1 minute"},"schema":{"@context":"https:\/\/schema.org","@graph":[{"@type":"WebPage","@id":"https:\/\/biojam.pt\/product\/vitamina-d3\/","url":"https:\/\/biojam.pt\/product\/vitamina-d3\/","name":"Vitamina D3 - Biojam Holding Group","isPartOf":{"@id":"https:\/\/biojam.pt\/#website"},"primaryImageOfPage":{"@id":"https:\/\/biojam.pt\/product\/vitamina-d3\/#primaryimage"},"image":{"@id":"https:\/\/biojam.pt\/product\/vitamina-d3\/#primaryimage"},"thumbnailUrl":"https:\/\/biojam.pt\/wp-content\/uploads\/VitaminaD3.png","datePublished":"2024-03-28T14:21:01+00:00","dateModified":"2024-04-18T09:47:57+00:00","breadcrumb":{"@id":"https:\/\/biojam.pt\/product\/vitamina-d3\/#breadcrumb"},"inLanguage":"en-GB","potentialAction":[{"@type":"ReadAction","target":["https:\/\/biojam.pt\/product\/vitamina-d3\/"]}]},{"@type":"ImageObject","inLanguage":"en-GB","@id":"https:\/\/biojam.pt\/product\/vitamina-d3\/#primaryimage","url":"https:\/\/biojam.pt\/wp-content\/uploads\/VitaminaD3.png","contentUrl":"https:\/\/biojam.pt\/wp-content\/uploads\/VitaminaD3.png","width":2420,"height":2420},{"@type":"BreadcrumbList","@id":"https:\/\/biojam.pt\/product\/vitamina-d3\/#breadcrumb","itemListElement":[{"@type":"ListItem","position":1,"name":"In\u00edcio","item":"https:\/\/biojam.pt\/"},{"@type":"ListItem","position":2,"name":"Produtos","item":"https:\/\/biojam.pt\/shop\/"},{"@type":"ListItem","position":3,"name":"Vitamina D3"}]},{"@type":"WebSite","@id":"https:\/\/biojam.pt\/#website","url":"https:\/\/biojam.pt\/","name":"Biojam Holding Group","description":"Empresa farmac\u00eautica de refer\u00eancia na Pen\u00ednsula Ib\u00e9rica.","publisher":{"@id":"https:\/\/biojam.pt\/#organization"},"potentialAction":[{"@type":"SearchAction","target":{"@type":"EntryPoint","urlTemplate":"https:\/\/biojam.pt\/?s={search_term_string}"},"query-input":"required name=search_term_string"}],"inLanguage":"en-GB"},{"@type":"Organization","@id":"https:\/\/biojam.pt\/#organization","name":"Biojam Holding Group","url":"https:\/\/biojam.pt\/","logo":{"@type":"ImageObject","inLanguage":"en-GB","@id":"https:\/\/biojam.pt\/#\/schema\/logo\/image\/","url":"https:\/\/biojam.pt\/wp-content\/uploads\/2022\/05\/logotipo-biojam-L500px-02.png","contentUrl":"https:\/\/biojam.pt\/wp-content\/uploads\/2022\/05\/logotipo-biojam-L500px-02.png","width":501,"height":199,"caption":"Biojam Holding Group"},"image":{"@id":"https:\/\/biojam.pt\/#\/schema\/logo\/image\/"},"sameAs":["https:\/\/www.facebook.com\/biojamholding"]}]}},"_links":{"self":[{"href":"https:\/\/biojam.pt\/en\/wp-json\/wp\/v2\/product\/6265","targetHints":{"allow":["GET"]}}],"collection":[{"href":"https:\/\/biojam.pt\/en\/wp-json\/wp\/v2\/product"}],"about":[{"href":"https:\/\/biojam.pt\/en\/wp-json\/wp\/v2\/types\/product"}],"wp:featuredmedia":[{"embeddable":true,"href":"https:\/\/biojam.pt\/en\/wp-json\/wp\/v2\/media\/6266"}],"wp:attachment":[{"href":"https:\/\/biojam.pt\/en\/wp-json\/wp\/v2\/media?parent=6265"}],"wp:term":[{"taxonomy":"product_cat","embeddable":true,"href":"https:\/\/biojam.pt\/en\/wp-json\/wp\/v2\/product_cat?post=6265"},{"taxonomy":"product_tag","embeddable":true,"href":"https:\/\/biojam.pt\/en\/wp-json\/wp\/v2\/product_tag?post=6265"}],"curies":[{"name":"wp","href":"https:\/\/api.w.org\/{rel}","templated":true}]}}