{"id":6362,"date":"2024-03-28T16:08:46","date_gmt":"2024-03-28T16:08:46","guid":{"rendered":"https:\/\/biojam.pt\/?post_type=product&#038;p=6362"},"modified":"2024-04-18T10:52:36","modified_gmt":"2024-04-18T10:52:36","slug":"holomega-selenio-lipossomado","status":"publish","type":"product","link":"https:\/\/biojam.pt\/en\/product\/holomega-selenio-lipossomado\/","title":{"rendered":"HOLOMEGA Selenium Liposome"},"content":{"rendered":"","protected":false},"excerpt":{"rendered":"","protected":false},"featured_media":6363,"template":"","meta":{"inline_featured_image":false},"product_cat":[240],"product_tag":[253,237],"class_list":{"0":"post-6362","1":"product","2":"type-product","3":"status-publish","4":"has-post-thumbnail","6":"product_cat-suplementos-alimentares","7":"product_tag-equisalud","8":"product_tag-genojam","9":"pa_tipo-de-produto-suplemento-alimentar","11":"first","12":"instock","13":"shipping-taxable","14":"product-type-simple"},"yoast_head":"<!-- This site is optimized with the Yoast SEO plugin v22.7 - https:\/\/yoast.com\/wordpress\/plugins\/seo\/ -->\n<title>HOLOMEGA Sel\u00e9nio Lipossomado - Biojam Holding Group<\/title>\n<meta name=\"robots\" content=\"index, follow, max-snippet:-1, max-image-preview:large, max-video-preview:-1\" \/>\n<link rel=\"canonical\" href=\"https:\/\/biojam.pt\/en\/product\/holomega-selenio-lipossomado\/\" \/>\n<meta property=\"og:locale\" content=\"en_GB\" \/>\n<meta property=\"og:type\" content=\"article\" \/>\n<meta property=\"og:title\" content=\"HOLOMEGA Sel\u00e9nio Lipossomado - Biojam Holding Group\" \/>\n<meta property=\"og:url\" content=\"https:\/\/biojam.pt\/en\/product\/holomega-selenio-lipossomado\/\" \/>\n<meta property=\"og:site_name\" content=\"Biojam Holding Group\" \/>\n<meta property=\"article:publisher\" content=\"https:\/\/www.facebook.com\/biojamholding\" \/>\n<meta property=\"article:modified_time\" content=\"2024-04-18T10:52:36+00:00\" \/>\n<meta property=\"og:image\" content=\"https:\/\/biojam.pt\/wp-content\/uploads\/SelenioLiposomado.png\" \/>\n\t<meta property=\"og:image:width\" content=\"600\" \/>\n\t<meta property=\"og:image:height\" content=\"600\" \/>\n\t<meta property=\"og:image:type\" content=\"image\/png\" \/>\n<meta name=\"twitter:card\" content=\"summary_large_image\" \/>\n<meta name=\"twitter:label1\" content=\"Estimated reading time\" \/>\n\t<meta name=\"twitter:data1\" content=\"1 minute\" \/>\n<script type=\"application\/ld+json\" class=\"yoast-schema-graph\">{\"@context\":\"https:\/\/schema.org\",\"@graph\":[{\"@type\":\"WebPage\",\"@id\":\"https:\/\/biojam.pt\/product\/holomega-selenio-lipossomado\/\",\"url\":\"https:\/\/biojam.pt\/product\/holomega-selenio-lipossomado\/\",\"name\":\"HOLOMEGA Sel\u00e9nio Lipossomado - Biojam Holding Group\",\"isPartOf\":{\"@id\":\"https:\/\/biojam.pt\/#website\"},\"primaryImageOfPage\":{\"@id\":\"https:\/\/biojam.pt\/product\/holomega-selenio-lipossomado\/#primaryimage\"},\"image\":{\"@id\":\"https:\/\/biojam.pt\/product\/holomega-selenio-lipossomado\/#primaryimage\"},\"thumbnailUrl\":\"https:\/\/biojam.pt\/wp-content\/uploads\/SelenioLiposomado.png\",\"datePublished\":\"2024-03-28T16:08:46+00:00\",\"dateModified\":\"2024-04-18T10:52:36+00:00\",\"breadcrumb\":{\"@id\":\"https:\/\/biojam.pt\/product\/holomega-selenio-lipossomado\/#breadcrumb\"},\"inLanguage\":\"en-GB\",\"potentialAction\":[{\"@type\":\"ReadAction\",\"target\":[\"https:\/\/biojam.pt\/product\/holomega-selenio-lipossomado\/\"]}]},{\"@type\":\"ImageObject\",\"inLanguage\":\"en-GB\",\"@id\":\"https:\/\/biojam.pt\/product\/holomega-selenio-lipossomado\/#primaryimage\",\"url\":\"https:\/\/biojam.pt\/wp-content\/uploads\/SelenioLiposomado.png\",\"contentUrl\":\"https:\/\/biojam.pt\/wp-content\/uploads\/SelenioLiposomado.png\",\"width\":600,\"height\":600},{\"@type\":\"BreadcrumbList\",\"@id\":\"https:\/\/biojam.pt\/product\/holomega-selenio-lipossomado\/#breadcrumb\",\"itemListElement\":[{\"@type\":\"ListItem\",\"position\":1,\"name\":\"In\u00edcio\",\"item\":\"https:\/\/biojam.pt\/\"},{\"@type\":\"ListItem\",\"position\":2,\"name\":\"Produtos\",\"item\":\"https:\/\/biojam.pt\/shop\/\"},{\"@type\":\"ListItem\",\"position\":3,\"name\":\"HOLOMEGA Sel\u00e9nio Lipossomado\"}]},{\"@type\":\"WebSite\",\"@id\":\"https:\/\/biojam.pt\/#website\",\"url\":\"https:\/\/biojam.pt\/\",\"name\":\"Biojam Holding Group\",\"description\":\"Empresa farmac\u00eautica de refer\u00eancia na Pen\u00ednsula Ib\u00e9rica.\",\"publisher\":{\"@id\":\"https:\/\/biojam.pt\/#organization\"},\"potentialAction\":[{\"@type\":\"SearchAction\",\"target\":{\"@type\":\"EntryPoint\",\"urlTemplate\":\"https:\/\/biojam.pt\/?s={search_term_string}\"},\"query-input\":\"required name=search_term_string\"}],\"inLanguage\":\"en-GB\"},{\"@type\":\"Organization\",\"@id\":\"https:\/\/biojam.pt\/#organization\",\"name\":\"Biojam Holding Group\",\"url\":\"https:\/\/biojam.pt\/\",\"logo\":{\"@type\":\"ImageObject\",\"inLanguage\":\"en-GB\",\"@id\":\"https:\/\/biojam.pt\/#\/schema\/logo\/image\/\",\"url\":\"https:\/\/biojam.pt\/wp-content\/uploads\/2022\/05\/logotipo-biojam-L500px-02.png\",\"contentUrl\":\"https:\/\/biojam.pt\/wp-content\/uploads\/2022\/05\/logotipo-biojam-L500px-02.png\",\"width\":501,\"height\":199,\"caption\":\"Biojam Holding Group\"},\"image\":{\"@id\":\"https:\/\/biojam.pt\/#\/schema\/logo\/image\/\"},\"sameAs\":[\"https:\/\/www.facebook.com\/biojamholding\"]}]}<\/script>\n<!-- \/ Yoast SEO plugin. -->","yoast_head_json":{"title":"HOLOMEGA Sel\u00e9nio Lipossomado - Biojam Holding Group","robots":{"index":"index","follow":"follow","max-snippet":"max-snippet:-1","max-image-preview":"max-image-preview:large","max-video-preview":"max-video-preview:-1"},"canonical":"https:\/\/biojam.pt\/en\/product\/holomega-selenio-lipossomado\/","og_locale":"en_GB","og_type":"article","og_title":"HOLOMEGA Sel\u00e9nio Lipossomado - Biojam Holding Group","og_url":"https:\/\/biojam.pt\/en\/product\/holomega-selenio-lipossomado\/","og_site_name":"Biojam Holding Group","article_publisher":"https:\/\/www.facebook.com\/biojamholding","article_modified_time":"2024-04-18T10:52:36+00:00","og_image":[{"width":600,"height":600,"url":"https:\/\/biojam.pt\/wp-content\/uploads\/SelenioLiposomado.png","type":"image\/png"}],"twitter_card":"summary_large_image","twitter_misc":{"Estimated reading time":"1 minute"},"schema":{"@context":"https:\/\/schema.org","@graph":[{"@type":"WebPage","@id":"https:\/\/biojam.pt\/product\/holomega-selenio-lipossomado\/","url":"https:\/\/biojam.pt\/product\/holomega-selenio-lipossomado\/","name":"HOLOMEGA Sel\u00e9nio Lipossomado - Biojam Holding Group","isPartOf":{"@id":"https:\/\/biojam.pt\/#website"},"primaryImageOfPage":{"@id":"https:\/\/biojam.pt\/product\/holomega-selenio-lipossomado\/#primaryimage"},"image":{"@id":"https:\/\/biojam.pt\/product\/holomega-selenio-lipossomado\/#primaryimage"},"thumbnailUrl":"https:\/\/biojam.pt\/wp-content\/uploads\/SelenioLiposomado.png","datePublished":"2024-03-28T16:08:46+00:00","dateModified":"2024-04-18T10:52:36+00:00","breadcrumb":{"@id":"https:\/\/biojam.pt\/product\/holomega-selenio-lipossomado\/#breadcrumb"},"inLanguage":"en-GB","potentialAction":[{"@type":"ReadAction","target":["https:\/\/biojam.pt\/product\/holomega-selenio-lipossomado\/"]}]},{"@type":"ImageObject","inLanguage":"en-GB","@id":"https:\/\/biojam.pt\/product\/holomega-selenio-lipossomado\/#primaryimage","url":"https:\/\/biojam.pt\/wp-content\/uploads\/SelenioLiposomado.png","contentUrl":"https:\/\/biojam.pt\/wp-content\/uploads\/SelenioLiposomado.png","width":600,"height":600},{"@type":"BreadcrumbList","@id":"https:\/\/biojam.pt\/product\/holomega-selenio-lipossomado\/#breadcrumb","itemListElement":[{"@type":"ListItem","position":1,"name":"In\u00edcio","item":"https:\/\/biojam.pt\/"},{"@type":"ListItem","position":2,"name":"Produtos","item":"https:\/\/biojam.pt\/shop\/"},{"@type":"ListItem","position":3,"name":"HOLOMEGA Sel\u00e9nio Lipossomado"}]},{"@type":"WebSite","@id":"https:\/\/biojam.pt\/#website","url":"https:\/\/biojam.pt\/","name":"Biojam Holding Group","description":"Empresa farmac\u00eautica de refer\u00eancia na Pen\u00ednsula Ib\u00e9rica.","publisher":{"@id":"https:\/\/biojam.pt\/#organization"},"potentialAction":[{"@type":"SearchAction","target":{"@type":"EntryPoint","urlTemplate":"https:\/\/biojam.pt\/?s={search_term_string}"},"query-input":"required name=search_term_string"}],"inLanguage":"en-GB"},{"@type":"Organization","@id":"https:\/\/biojam.pt\/#organization","name":"Biojam Holding Group","url":"https:\/\/biojam.pt\/","logo":{"@type":"ImageObject","inLanguage":"en-GB","@id":"https:\/\/biojam.pt\/#\/schema\/logo\/image\/","url":"https:\/\/biojam.pt\/wp-content\/uploads\/2022\/05\/logotipo-biojam-L500px-02.png","contentUrl":"https:\/\/biojam.pt\/wp-content\/uploads\/2022\/05\/logotipo-biojam-L500px-02.png","width":501,"height":199,"caption":"Biojam Holding Group"},"image":{"@id":"https:\/\/biojam.pt\/#\/schema\/logo\/image\/"},"sameAs":["https:\/\/www.facebook.com\/biojamholding"]}]}},"_links":{"self":[{"href":"https:\/\/biojam.pt\/en\/wp-json\/wp\/v2\/product\/6362","targetHints":{"allow":["GET"]}}],"collection":[{"href":"https:\/\/biojam.pt\/en\/wp-json\/wp\/v2\/product"}],"about":[{"href":"https:\/\/biojam.pt\/en\/wp-json\/wp\/v2\/types\/product"}],"wp:featuredmedia":[{"embeddable":true,"href":"https:\/\/biojam.pt\/en\/wp-json\/wp\/v2\/media\/6363"}],"wp:attachment":[{"href":"https:\/\/biojam.pt\/en\/wp-json\/wp\/v2\/media?parent=6362"}],"wp:term":[{"taxonomy":"product_cat","embeddable":true,"href":"https:\/\/biojam.pt\/en\/wp-json\/wp\/v2\/product_cat?post=6362"},{"taxonomy":"product_tag","embeddable":true,"href":"https:\/\/biojam.pt\/en\/wp-json\/wp\/v2\/product_tag?post=6362"}],"curies":[{"name":"wp","href":"https:\/\/api.w.org\/{rel}","templated":true}]}}